{"id":11030,"date":"2023-01-12T14:54:52","date_gmt":"2023-01-12T13:54:52","guid":{"rendered":"https:\/\/www.idhea.fr\/welcome-to-idhea\/"},"modified":"2026-02-05T12:14:27","modified_gmt":"2026-02-05T11:14:27","slug":"welcome-to-idhea","status":"publish","type":"page","link":"https:\/\/www.idhea.fr\/en\/welcome-to-idhea\/","title":{"rendered":"Welcome to Idh\u00e9a"},"content":{"rendered":"\t\t<div data-elementor-type=\"wp-page\" data-elementor-id=\"11030\" class=\"elementor elementor-11030 elementor-8841\" data-elementor-post-type=\"page\">\n\t\t\t\t<div class=\"elementor-element elementor-element-472b47f1 e-flex e-con-boxed e-con e-parent\" data-id=\"472b47f1\" data-element_type=\"container\" data-e-type=\"container\" data-settings=\"{&quot;background_background&quot;:&quot;classic&quot;}\">\n\t\t\t\t\t<div class=\"e-con-inner\">\n\t\t\t\t\t<\/div>\n\t\t\t\t<\/div>\n\t\t<div class=\"elementor-element elementor-element-f5453cb e-con-full e-flex e-con e-parent\" data-id=\"f5453cb\" data-element_type=\"container\" data-e-type=\"container\">\n\t\t\t\t<div class=\"elementor-element elementor-element-c334857 elementor-hidden-tablet elementor-hidden-mobile elementor-nav-menu__text-align-aside elementor-nav-menu--toggle elementor-nav-menu--burger elementor-widget elementor-widget-nav-menu\" data-id=\"c334857\" data-element_type=\"widget\" data-e-type=\"widget\" data-settings=\"{&quot;layout&quot;:&quot;dropdown&quot;,&quot;sticky&quot;:&quot;top&quot;,&quot;sticky_on&quot;:[&quot;desktop&quot;],&quot;sticky_offset&quot;:430,&quot;submenu_icon&quot;:{&quot;value&quot;:&quot;&lt;i class=\\&quot;fas fa-caret-down\\&quot; aria-hidden=\\&quot;true\\&quot;&gt;&lt;\\\/i&gt;&quot;,&quot;library&quot;:&quot;fa-solid&quot;},&quot;toggle&quot;:&quot;burger&quot;,&quot;sticky_effects_offset&quot;:0,&quot;sticky_anchor_link_offset&quot;:0}\" data-widget_type=\"nav-menu.default\">\n\t\t\t\t<div class=\"elementor-widget-container\">\n\t\t\t\t\t\t\t<div class=\"elementor-menu-toggle\" role=\"button\" tabindex=\"0\" aria-label=\"Menu Toggle\" aria-expanded=\"false\">\n\t\t\t<i aria-hidden=\"true\" role=\"presentation\" class=\"elementor-menu-toggle__icon--open eicon-menu-bar\"><\/i><i aria-hidden=\"true\" role=\"presentation\" class=\"elementor-menu-toggle__icon--close eicon-close\"><\/i>\t\t<\/div>\n\t\t\t\t\t<nav class=\"elementor-nav-menu--dropdown elementor-nav-menu__container\" aria-hidden=\"true\">\n\t\t\t\t<ul id=\"menu-2-c334857\" class=\"elementor-nav-menu\"><li class=\"menu-item menu-item-type-post_type menu-item-object-page menu-item-11217\"><a href=\"https:\/\/www.idhea.fr\/en\/values\/\" class=\"elementor-item\" tabindex=\"-1\">Values<\/a><\/li>\n<li class=\"menu-item menu-item-type-post_type menu-item-object-page menu-item-11218\"><a href=\"https:\/\/www.idhea.fr\/en\/welcome-to-idhea\/\" class=\"elementor-item\" tabindex=\"-1\">Welcome to Idh\u00e9a<\/a><\/li>\n<\/ul>\t\t\t<\/nav>\n\t\t\t\t\t\t<\/div>\n\t\t\t\t<\/div>\n\t\t\t\t<\/div>\n\t\t<div class=\"elementor-element elementor-element-8f39676 e-flex e-con-boxed e-con e-parent\" data-id=\"8f39676\" data-element_type=\"container\" data-e-type=\"container\">\n\t\t\t\t\t<div class=\"e-con-inner\">\n\t\t\t\t<div class=\"elementor-element elementor-element-dbb39e7 elementor-widget elementor-widget-heading\" data-id=\"dbb39e7\" data-element_type=\"widget\" data-e-type=\"widget\" data-widget_type=\"heading.default\">\n\t\t\t\t<div class=\"elementor-widget-container\">\n\t\t\t\t\t<h2 class=\"elementor-heading-title elementor-size-default\">Welcome to the team! \n<\/h2>\t\t\t\t<\/div>\n\t\t\t\t<\/div>\n\t\t<div class=\"elementor-element elementor-element-db4dae0 e-flex e-con-boxed e-con e-child\" data-id=\"db4dae0\" data-element_type=\"container\" data-e-type=\"container\">\n\t\t\t\t\t<div class=\"e-con-inner\">\n\t\t<div class=\"elementor-element elementor-element-b0f0b88 e-con-full e-flex e-con e-child\" data-id=\"b0f0b88\" data-element_type=\"container\" data-e-type=\"container\" data-settings=\"{&quot;background_background&quot;:&quot;classic&quot;}\">\n\t\t\t\t<\/div>\n\t\t<div class=\"elementor-element elementor-element-1735d8f e-con-full e-flex e-con e-child\" data-id=\"1735d8f\" data-element_type=\"container\" data-e-type=\"container\" data-settings=\"{&quot;background_background&quot;:&quot;classic&quot;}\">\n\t\t\t\t<\/div>\n\t\t<div class=\"elementor-element elementor-element-3177272 e-con-full e-flex e-con e-child\" data-id=\"3177272\" data-element_type=\"container\" data-e-type=\"container\" data-settings=\"{&quot;background_background&quot;:&quot;classic&quot;}\">\n\t\t\t\t<\/div>\n\t\t\t\t\t<\/div>\n\t\t\t\t<\/div>\n\t\t<div class=\"elementor-element elementor-element-5ed9773 e-flex e-con-boxed e-con e-child\" data-id=\"5ed9773\" data-element_type=\"container\" data-e-type=\"container\">\n\t\t\t\t\t<div class=\"e-con-inner\">\n\t\t<div class=\"elementor-element elementor-element-7730db3 e-con-full e-flex e-con e-child\" data-id=\"7730db3\" data-element_type=\"container\" data-e-type=\"container\">\n\t\t\t\t<div class=\"elementor-element elementor-element-c436528 elementor-widget elementor-widget-text-editor\" data-id=\"c436528\" data-element_type=\"widget\" data-e-type=\"widget\" data-widget_type=\"text-editor.default\">\n\t\t\t\t<div class=\"elementor-widget-container\">\n\t\t\t\t\t\t\t\t\t<p>At Idh\u00e9a, each new employee takes part in an on-boarding programme, which takes place every month and lasts one to two weeks. The new employee roadmap includes:<\/p><ul><li>Welcome by the HR Department, who gives each employee a copy of the Welcome Booklet and finalises any administrative details;<\/li><li>Introductory meeting with the Managing Director, each Department Manager and the CSE [Social and Economic Works Council];<\/li><li>A tour of the production site.<\/li><\/ul><p> <\/p><p>Each new employee is also asked to sign the Migros Group Code of Conduct, which sets out the eleven basic standards of behaviour that apply to every employee of a Migros Group company. These can be summarised in one sentence: \u201cWe do not seek profit at any price, but want to achieve our goals by acting responsibly and lawfully\u201d.<\/p>\t\t\t\t\t\t\t\t<\/div>\n\t\t\t\t<\/div>\n\t\t\t\t<\/div>\n\t\t<div class=\"elementor-element elementor-element-575bf69 e-con-full e-flex e-con e-child\" data-id=\"575bf69\" data-element_type=\"container\" data-e-type=\"container\">\n\t\t\t\t<div class=\"elementor-element elementor-element-3e3b37e elementor-widget elementor-widget-image\" data-id=\"3e3b37e\" data-element_type=\"widget\" data-e-type=\"widget\" data-widget_type=\"image.default\">\n\t\t\t\t<div class=\"elementor-widget-container\">\n\t\t\t\t\t\t\t\t\t\t\t\t\t\t\t<img fetchpriority=\"high\" decoding=\"async\" width=\"850\" height=\"351\" src=\"https:\/\/www.idhea.fr\/wp-content\/uploads\/2023\/01\/collaboration.png\" class=\"attachment-full size-full wp-image-10421\" alt=\"groupe de personnes collaborent devant un ordinateur\" srcset=\"https:\/\/www.idhea.fr\/wp-content\/uploads\/2023\/01\/collaboration.png 850w, https:\/\/www.idhea.fr\/wp-content\/uploads\/2023\/01\/collaboration-300x124.png 300w, https:\/\/www.idhea.fr\/wp-content\/uploads\/2023\/01\/collaboration-768x317.png 768w\" sizes=\"(max-width: 850px) 100vw, 850px\" \/>\t\t\t\t\t\t\t\t\t\t\t\t\t\t\t<\/div>\n\t\t\t\t<\/div>\n\t\t\t\t<\/div>\n\t\t\t\t\t<\/div>\n\t\t\t\t<\/div>\n\t\t\t\t<div class=\"elementor-element elementor-element-54396e0 elementor-widget elementor-widget-heading\" data-id=\"54396e0\" data-element_type=\"widget\" data-e-type=\"widget\" data-widget_type=\"heading.default\">\n\t\t\t\t<div class=\"elementor-widget-container\">\n\t\t\t\t\t<h2 class=\"elementor-heading-title elementor-size-default\">Career prospects at Idh\u00e9a<\/h2>\t\t\t\t<\/div>\n\t\t\t\t<\/div>\n\t\t<div class=\"elementor-element elementor-element-a750cc5 e-flex e-con-boxed e-con e-child\" data-id=\"a750cc5\" data-element_type=\"container\" data-e-type=\"container\">\n\t\t\t\t\t<div class=\"e-con-inner\">\n\t\t<div class=\"elementor-element elementor-element-54e616b e-con-full e-flex e-con e-child\" data-id=\"54e616b\" data-element_type=\"container\" data-e-type=\"container\" data-settings=\"{&quot;background_background&quot;:&quot;classic&quot;}\">\n\t\t\t\t<\/div>\n\t\t<div class=\"elementor-element elementor-element-fbb8121 e-con-full e-flex e-con e-child\" data-id=\"fbb8121\" data-element_type=\"container\" data-e-type=\"container\" data-settings=\"{&quot;background_background&quot;:&quot;classic&quot;}\">\n\t\t\t\t<\/div>\n\t\t<div class=\"elementor-element elementor-element-3d3f652 e-con-full e-flex e-con e-child\" data-id=\"3d3f652\" data-element_type=\"container\" data-e-type=\"container\" data-settings=\"{&quot;background_background&quot;:&quot;classic&quot;}\">\n\t\t\t\t<\/div>\n\t\t\t\t\t<\/div>\n\t\t\t\t<\/div>\n\t\t\t\t<div class=\"elementor-element elementor-element-b65602b elementor-widget__width-initial elementor-widget elementor-widget-text-editor\" data-id=\"b65602b\" data-element_type=\"widget\" data-e-type=\"widget\" data-widget_type=\"text-editor.default\">\n\t\t\t\t<div class=\"elementor-widget-container\">\n\t\t\t\t\t\t\t\t\t<p>We are very proud to have employees with more than 30 years\u2019 service! Our people are our company\u2019s greatest asset. At Idh\u00e9a, everyone is given the opportunity to progress by taking on more responsibility or moving between departments to broaden their expertise and personal skills.<\/p><p> <\/p><p>Here are some employee testimonials that illustrate our approach:<\/p>\t\t\t\t\t\t\t\t<\/div>\n\t\t\t\t<\/div>\n\t\t<div class=\"elementor-element elementor-element-c78e180 e-flex e-con-boxed e-con e-child\" data-id=\"c78e180\" data-element_type=\"container\" data-e-type=\"container\">\n\t\t\t\t\t<div class=\"e-con-inner\">\n\t\t<div class=\"elementor-element elementor-element-59635c9 e-con-full e-flex e-con e-child\" data-id=\"59635c9\" data-element_type=\"container\" data-e-type=\"container\">\n\t\t\t\t<div class=\"elementor-element elementor-element-c257652 elementor-widget elementor-widget-text-editor\" data-id=\"c257652\" data-element_type=\"widget\" data-e-type=\"widget\" data-widget_type=\"text-editor.default\">\n\t\t\t\t<div class=\"elementor-widget-container\">\n\t\t\t\t\t\t\t\t\t<h3>Olivier, Purchasing, Procurement &amp; Scheduling Manager<\/h3><p>&#8220;I joined La Case aux \u00c9pices on a one-month temporary contract as a night-time Packaging Operator at the age of 19, in January 1993. Then I was a forklift operator in Production for 6 months. In July 1993, I was taken on permanently as an order picker. A year later, I was promoted to Reception and Warehouse Manager. In 1998, I moved into Purchasing. My main task was to manage the stock of raw materials and place orders with our suppliers. In April 2001, I took over the position of Purchasing Manager when it was left vacant by my predecessor. Since May 2019, I have also been in charge of the Procurement and Scheduling Departments. I am lucky to have been able to grow and progress in a company that is constantly developing, by continuously adapting to changes in my environment&#8230;\u201d<\/p>\t\t\t\t\t\t\t\t<\/div>\n\t\t\t\t<\/div>\n\t\t\t\t<\/div>\n\t\t<div class=\"elementor-element elementor-element-851f4e7 e-con-full e-flex e-con e-child\" data-id=\"851f4e7\" data-element_type=\"container\" data-e-type=\"container\">\n\t\t\t\t<div class=\"elementor-element elementor-element-cf4d8d8 elementor-widget elementor-widget-image\" data-id=\"cf4d8d8\" data-element_type=\"widget\" data-e-type=\"widget\" data-widget_type=\"image.default\">\n\t\t\t\t<div class=\"elementor-widget-container\">\n\t\t\t\t\t\t\t\t\t\t\t\t\t\t\t<img decoding=\"async\" width=\"312\" height=\"305\" src=\"https:\/\/www.idhea.fr\/wp-content\/uploads\/2023\/01\/Groupe-1006-1.png\" class=\"attachment-full size-full wp-image-10479\" alt=\"portrait homme employ\u00e9 chez Idh\u00e9a\" srcset=\"https:\/\/www.idhea.fr\/wp-content\/uploads\/2023\/01\/Groupe-1006-1.png 312w, https:\/\/www.idhea.fr\/wp-content\/uploads\/2023\/01\/Groupe-1006-1-300x293.png 300w\" sizes=\"(max-width: 312px) 100vw, 312px\" \/>\t\t\t\t\t\t\t\t\t\t\t\t\t\t\t<\/div>\n\t\t\t\t<\/div>\n\t\t\t\t<\/div>\n\t\t\t\t\t<\/div>\n\t\t\t\t<\/div>\n\t\t\t\t<div class=\"elementor-element elementor-element-6c7b7fc elementor-widget elementor-widget-text-editor\" data-id=\"6c7b7fc\" data-element_type=\"widget\" data-e-type=\"widget\" data-widget_type=\"text-editor.default\">\n\t\t\t\t<div class=\"elementor-widget-container\">\n\t\t\t\t\t\t\t\t\t<h3>Olivier, Sauce Maker at Idh\u00e9a<\/h3>\t\t\t\t\t\t\t\t<\/div>\n\t\t\t\t<\/div>\n\t\t\t\t<div class=\"elementor-element elementor-element-27d31c1 elementor-widget__width-initial elementor-widget elementor-widget-tp-video-player\" data-id=\"27d31c1\" data-element_type=\"widget\" data-e-type=\"widget\" data-widget_type=\"tp-video-player.default\">\n\t\t\t\t<div class=\"elementor-widget-container\">\n\t\t\t\t\t<div class=\"pt_plus_video-box-shadow video_player69e22af53a30a \"   ><div class=\"pt_plus_video_player   text-\"><div class=\"ts-video-wrapper embed-container  ts-type-youtube\"><iframe  id=\"video_player69e22af53a2e4\" width=\"100%\"  src=\"https:\/\/www.youtube.com\/embed\/aT_aKwt8FSE?&amp;autohide=1&amp;showtitle=0&amp;controls=1&amp;showinfo=1&amp;modestbranding=0&amp;rel=1\"  frameborder=\"0\" allowfullscreen><\/iframe><\/div><\/div><\/div>\t\t\t\t<\/div>\n\t\t\t\t<\/div>\n\t\t\t\t<div class=\"elementor-element elementor-element-827b433 elementor-widget elementor-widget-text-editor\" data-id=\"827b433\" data-element_type=\"widget\" data-e-type=\"widget\" data-widget_type=\"text-editor.default\">\n\t\t\t\t<div class=\"elementor-widget-container\">\n\t\t\t\t\t\t\t\t\t<h3>\u00d6zge, Line Operator<\/h3>\t\t\t\t\t\t\t\t<\/div>\n\t\t\t\t<\/div>\n\t\t\t\t<div class=\"elementor-element elementor-element-6f1ec5e elementor-widget__width-initial elementor-widget elementor-widget-tp-video-player\" data-id=\"6f1ec5e\" data-element_type=\"widget\" data-e-type=\"widget\" data-widget_type=\"tp-video-player.default\">\n\t\t\t\t<div class=\"elementor-widget-container\">\n\t\t\t\t\t<div class=\"pt_plus_video-box-shadow video_player69e22af53b0f2 \"   ><div class=\"pt_plus_video_player   text-\"><div class=\"ts-video-wrapper embed-container  ts-type-youtube\"><iframe  id=\"video_player69e22af53b0d1\" width=\"100%\"  src=\"https:\/\/www.youtube.com\/embed\/NMHMeSVHnak?&amp;autohide=1&amp;showtitle=0&amp;controls=1&amp;showinfo=1&amp;modestbranding=0&amp;rel=1\"  frameborder=\"0\" allowfullscreen><\/iframe><\/div><\/div><\/div>\t\t\t\t<\/div>\n\t\t\t\t<\/div>\n\t\t<div class=\"elementor-element elementor-element-8373ba0 e-flex e-con-boxed e-con e-child\" data-id=\"8373ba0\" data-element_type=\"container\" data-e-type=\"container\">\n\t\t\t\t\t<div class=\"e-con-inner\">\n\t\t<div class=\"elementor-element elementor-element-7aa41de e-con-full e-flex e-con e-child\" data-id=\"7aa41de\" data-element_type=\"container\" data-e-type=\"container\">\n\t\t\t\t<div class=\"elementor-element elementor-element-7c41e10 elementor-widget elementor-widget-text-editor\" data-id=\"7c41e10\" data-element_type=\"widget\" data-e-type=\"widget\" data-widget_type=\"text-editor.default\">\n\t\t\t\t<div class=\"elementor-widget-container\">\n\t\t\t\t\t\t\t\t\t<h3>Marine, Junior Product Manager, Marketing Department<\/h3>\n\u201cI joined the Marketing Department as a trainee in November 2020. At that time, it was still a small team. I was involved in NPD (New Product Development) project management for small, one-off projects and organising trade fairs. Gradually, I was able to work on more strategic projects, such as the relaunch of the Saveurs &amp; Sauces brand, for example. I really enjoyed that. In the meantime, the structure of the department has evolved and now there are more needs to meet and projects to deliver. Idh\u00e9a offered me a permanent contract as Junior Product Manager for the catering products portfolio. I joined the team permanently in September 2022 and I&#8217;m delighted!&#8221;\t\t\t\t\t\t\t\t<\/div>\n\t\t\t\t<\/div>\n\t\t\t\t<\/div>\n\t\t<div class=\"elementor-element elementor-element-70dd26e e-con-full e-flex e-con e-child\" data-id=\"70dd26e\" data-element_type=\"container\" data-e-type=\"container\">\n\t\t\t\t<div class=\"elementor-element elementor-element-a6582b5 elementor-widget elementor-widget-image\" data-id=\"a6582b5\" data-element_type=\"widget\" data-e-type=\"widget\" data-widget_type=\"image.default\">\n\t\t\t\t<div class=\"elementor-widget-container\">\n\t\t\t\t\t\t\t\t\t\t\t\t\t\t\t<img decoding=\"async\" width=\"400\" height=\"400\" src=\"https:\/\/www.idhea.fr\/wp-content\/uploads\/2023\/01\/Groupe-1061-2.png\" class=\"attachment-full size-full wp-image-10480\" alt=\"jeune femme personnel marketing\" srcset=\"https:\/\/www.idhea.fr\/wp-content\/uploads\/2023\/01\/Groupe-1061-2.png 400w, https:\/\/www.idhea.fr\/wp-content\/uploads\/2023\/01\/Groupe-1061-2-300x300.png 300w, https:\/\/www.idhea.fr\/wp-content\/uploads\/2023\/01\/Groupe-1061-2-150x150.png 150w\" sizes=\"(max-width: 400px) 100vw, 400px\" \/>\t\t\t\t\t\t\t\t\t\t\t\t\t\t\t<\/div>\n\t\t\t\t<\/div>\n\t\t\t\t<\/div>\n\t\t\t\t\t<\/div>\n\t\t\t\t<\/div>\n\t\t\t\t<div class=\"elementor-element elementor-element-5ee3bc7 elementor-widget elementor-widget-heading\" data-id=\"5ee3bc7\" data-element_type=\"widget\" data-e-type=\"widget\" data-widget_type=\"heading.default\">\n\t\t\t\t<div class=\"elementor-widget-container\">\n\t\t\t\t\t<h2 class=\"elementor-heading-title elementor-size-default\">Gender equality at Idh\u00e9a<\/h2>\t\t\t\t<\/div>\n\t\t\t\t<\/div>\n\t\t<div class=\"elementor-element elementor-element-72e3ba6 e-flex e-con-boxed e-con e-child\" data-id=\"72e3ba6\" data-element_type=\"container\" data-e-type=\"container\">\n\t\t\t\t\t<div class=\"e-con-inner\">\n\t\t<div class=\"elementor-element elementor-element-383cbd6 e-con-full e-flex e-con e-child\" data-id=\"383cbd6\" data-element_type=\"container\" data-e-type=\"container\" data-settings=\"{&quot;background_background&quot;:&quot;classic&quot;}\">\n\t\t\t\t<\/div>\n\t\t<div class=\"elementor-element elementor-element-846b9d9 e-con-full e-flex e-con e-child\" data-id=\"846b9d9\" data-element_type=\"container\" data-e-type=\"container\" data-settings=\"{&quot;background_background&quot;:&quot;classic&quot;}\">\n\t\t\t\t<\/div>\n\t\t<div class=\"elementor-element elementor-element-6c663ac e-con-full e-flex e-con e-child\" data-id=\"6c663ac\" data-element_type=\"container\" data-e-type=\"container\" data-settings=\"{&quot;background_background&quot;:&quot;classic&quot;}\">\n\t\t\t\t<\/div>\n\t\t\t\t\t<\/div>\n\t\t\t\t<\/div>\n\t\t<div class=\"elementor-element elementor-element-88f324b e-flex e-con-boxed e-con e-child\" data-id=\"88f324b\" data-element_type=\"container\" data-e-type=\"container\">\n\t\t\t\t\t<div class=\"e-con-inner\">\n\t\t\t\t<div class=\"elementor-element elementor-element-60b2ba2 elementor-widget elementor-widget-image\" data-id=\"60b2ba2\" data-element_type=\"widget\" data-e-type=\"widget\" data-widget_type=\"image.default\">\n\t\t\t\t<div class=\"elementor-widget-container\">\n\t\t\t\t\t\t\t\t\t\t\t\t\t\t\t<img loading=\"lazy\" decoding=\"async\" width=\"343\" height=\"334\" src=\"https:\/\/www.idhea.fr\/wp-content\/uploads\/2025\/02\/1.png\" class=\"attachment-full size-full wp-image-12330\" alt=\"\u00e9cart de r\u00e9mun\u00e9ration\" srcset=\"https:\/\/www.idhea.fr\/wp-content\/uploads\/2025\/02\/1.png 343w, https:\/\/www.idhea.fr\/wp-content\/uploads\/2025\/02\/1-300x292.png 300w\" sizes=\"(max-width: 343px) 100vw, 343px\" \/>\t\t\t\t\t\t\t\t\t\t\t\t\t\t\t<\/div>\n\t\t\t\t<\/div>\n\t\t\t\t<div class=\"elementor-element elementor-element-9ff32d2 elementor-widget elementor-widget-image\" data-id=\"9ff32d2\" data-element_type=\"widget\" data-e-type=\"widget\" data-widget_type=\"image.default\">\n\t\t\t\t<div class=\"elementor-widget-container\">\n\t\t\t\t\t\t\t\t\t\t\t\t\t\t\t<img loading=\"lazy\" decoding=\"async\" width=\"343\" height=\"334\" src=\"https:\/\/www.idhea.fr\/wp-content\/uploads\/2025\/02\/2.png\" class=\"attachment-full size-full wp-image-12332\" alt=\"\u00e9cart tau\" srcset=\"https:\/\/www.idhea.fr\/wp-content\/uploads\/2025\/02\/2.png 343w, https:\/\/www.idhea.fr\/wp-content\/uploads\/2025\/02\/2-300x292.png 300w\" sizes=\"(max-width: 343px) 100vw, 343px\" \/>\t\t\t\t\t\t\t\t\t\t\t\t\t\t\t<\/div>\n\t\t\t\t<\/div>\n\t\t\t\t<div class=\"elementor-element elementor-element-57d74c5 elementor-widget elementor-widget-image\" data-id=\"57d74c5\" data-element_type=\"widget\" data-e-type=\"widget\" data-widget_type=\"image.default\">\n\t\t\t\t<div class=\"elementor-widget-container\">\n\t\t\t\t\t\t\t\t\t\t\t\t\t\t\t<img loading=\"lazy\" decoding=\"async\" width=\"343\" height=\"334\" src=\"https:\/\/www.idhea.fr\/wp-content\/uploads\/2025\/02\/3-1.png\" class=\"attachment-full size-full wp-image-12336\" alt=\"\" srcset=\"https:\/\/www.idhea.fr\/wp-content\/uploads\/2025\/02\/3-1.png 343w, https:\/\/www.idhea.fr\/wp-content\/uploads\/2025\/02\/3-1-300x292.png 300w\" sizes=\"(max-width: 343px) 100vw, 343px\" \/>\t\t\t\t\t\t\t\t\t\t\t\t\t\t\t<\/div>\n\t\t\t\t<\/div>\n\t\t\t\t<div class=\"elementor-element elementor-element-b5e881c elementor-widget elementor-widget-image\" data-id=\"b5e881c\" data-element_type=\"widget\" data-e-type=\"widget\" data-widget_type=\"image.default\">\n\t\t\t\t<div class=\"elementor-widget-container\">\n\t\t\t\t\t\t\t\t\t\t\t\t\t\t\t<img loading=\"lazy\" decoding=\"async\" width=\"387\" height=\"207\" src=\"https:\/\/www.idhea.fr\/wp-content\/uploads\/2025\/02\/94100-1.png\" class=\"attachment-full size-full wp-image-12327\" alt=\"pourcentage parit\u00e9 homme femme\" srcset=\"https:\/\/www.idhea.fr\/wp-content\/uploads\/2025\/02\/94100-1.png 387w, https:\/\/www.idhea.fr\/wp-content\/uploads\/2025\/02\/94100-1-300x160.png 300w\" sizes=\"(max-width: 387px) 100vw, 387px\" \/>\t\t\t\t\t\t\t\t\t\t\t\t\t\t\t<\/div>\n\t\t\t\t<\/div>\n\t\t\t\t\t<\/div>\n\t\t\t\t<\/div>\n\t\t\t\t<div class=\"elementor-element elementor-element-27724bf elementor-widget__width-initial elementor-widget elementor-widget-text-editor\" data-id=\"27724bf\" data-element_type=\"widget\" data-e-type=\"widget\" data-widget_type=\"text-editor.default\">\n\t\t\t\t<div class=\"elementor-widget-container\">\n\t\t\t\t\t\t\t\t\t<p><span style=\"color: #000000;\">Figures for 2025, calculated for 2024<\/span><\/p>\t\t\t\t\t\t\t\t<\/div>\n\t\t\t\t<\/div>\n\t\t\t\t<div class=\"elementor-element elementor-element-b18c8c5 elementor-widget elementor-widget-heading\" data-id=\"b18c8c5\" data-element_type=\"widget\" data-e-type=\"widget\" data-widget_type=\"heading.default\">\n\t\t\t\t<div class=\"elementor-widget-container\">\n\t\t\t\t\t<h2 class=\"elementor-heading-title elementor-size-default\">Join us!<\/h2>\t\t\t\t<\/div>\n\t\t\t\t<\/div>\n\t\t<div class=\"elementor-element elementor-element-088dc8e e-flex e-con-boxed e-con e-child\" data-id=\"088dc8e\" data-element_type=\"container\" data-e-type=\"container\">\n\t\t\t\t\t<div class=\"e-con-inner\">\n\t\t<div class=\"elementor-element elementor-element-a51fd92 e-con-full e-flex e-con e-child\" data-id=\"a51fd92\" data-element_type=\"container\" data-e-type=\"container\" data-settings=\"{&quot;background_background&quot;:&quot;classic&quot;}\">\n\t\t\t\t<\/div>\n\t\t<div class=\"elementor-element elementor-element-5c59dbe e-con-full e-flex e-con e-child\" data-id=\"5c59dbe\" data-element_type=\"container\" data-e-type=\"container\" data-settings=\"{&quot;background_background&quot;:&quot;classic&quot;}\">\n\t\t\t\t<\/div>\n\t\t<div class=\"elementor-element elementor-element-612ad73 e-con-full e-flex e-con e-child\" data-id=\"612ad73\" data-element_type=\"container\" data-e-type=\"container\" data-settings=\"{&quot;background_background&quot;:&quot;classic&quot;}\">\n\t\t\t\t<\/div>\n\t\t\t\t\t<\/div>\n\t\t\t\t<\/div>\n\t\t\t\t<div class=\"elementor-element elementor-element-a71351b elementor-widget__width-initial elementor-widget elementor-widget-text-editor\" data-id=\"a71351b\" data-element_type=\"widget\" data-e-type=\"widget\" data-widget_type=\"text-editor.default\">\n\t\t\t\t<div class=\"elementor-widget-container\">\n\t\t\t\t\t\t\t\t\t<h3>A few words from the inside&#8230;<\/h3><p>On a daily basis, two expressions are regularly repeated by our former General Manager. Perfectly in line with our values, they give a good idea of what is expected of our employees:<\/p><p><strong>\u201cEveryone has the right to make a mistake.\u201d<\/strong><\/p><p>At Idh\u00e9a, it is important to get involved and take action, to take risks and make progress every day. Mistakes are part of gaining experience and that\u2019s how we learn. We appreciate employees who take the initiative, even if they make mistakes.<\/p><p><strong>\u201cYou have to get it right first time!\u201d<\/strong><\/p><p>No, this is not the opposite of the right to make mistakes! Doing it right first time simply means asking the right questions from the start, making the right decisions, and implementing actions in the best possible way. Id(h)eally the first time!<\/p>\t\t\t\t\t\t\t\t<\/div>\n\t\t\t\t<\/div>\n\t\t\t\t\t<\/div>\n\t\t\t\t<\/div>\n\t\t\t\t<\/div>\n\t\t","protected":false},"excerpt":{"rendered":"<p>Welcome to the team! At Idh\u00e9a, each new employee takes part in an on-boarding programme, which takes place every month and lasts one to two weeks. The new employee roadmap includes: Welcome by the HR Department, who gives each employee a copy of the Welcome Booklet and finalises any administrative details; Introductory meeting with the [&hellip;]<\/p>\n","protected":false},"author":2,"featured_media":0,"parent":0,"menu_order":0,"comment_status":"closed","ping_status":"closed","template":"elementor_header_footer","meta":{"_acf_changed":false,"footnotes":""},"folder":[25],"class_list":["post-11030","page","type-page","status-publish","hentry"],"acf":[],"_links":{"self":[{"href":"https:\/\/www.idhea.fr\/en\/wp-json\/wp\/v2\/pages\/11030","targetHints":{"allow":["GET"]}}],"collection":[{"href":"https:\/\/www.idhea.fr\/en\/wp-json\/wp\/v2\/pages"}],"about":[{"href":"https:\/\/www.idhea.fr\/en\/wp-json\/wp\/v2\/types\/page"}],"author":[{"embeddable":true,"href":"https:\/\/www.idhea.fr\/en\/wp-json\/wp\/v2\/users\/2"}],"replies":[{"embeddable":true,"href":"https:\/\/www.idhea.fr\/en\/wp-json\/wp\/v2\/comments?post=11030"}],"version-history":[{"count":2,"href":"https:\/\/www.idhea.fr\/en\/wp-json\/wp\/v2\/pages\/11030\/revisions"}],"predecessor-version":[{"id":12811,"href":"https:\/\/www.idhea.fr\/en\/wp-json\/wp\/v2\/pages\/11030\/revisions\/12811"}],"wp:attachment":[{"href":"https:\/\/www.idhea.fr\/en\/wp-json\/wp\/v2\/media?parent=11030"}],"wp:term":[{"taxonomy":"folder","embeddable":true,"href":"https:\/\/www.idhea.fr\/en\/wp-json\/wp\/v2\/folder?post=11030"}],"curies":[{"name":"wp","href":"https:\/\/api.w.org\/{rel}","templated":true}]}}