{"id":10940,"date":"2023-01-06T10:53:59","date_gmt":"2023-01-06T09:53:59","guid":{"rendered":"https:\/\/www.idhea.fr\/our-packaging\/"},"modified":"2026-02-05T12:10:31","modified_gmt":"2026-02-05T11:10:31","slug":"our-packaging","status":"publish","type":"page","link":"https:\/\/www.idhea.fr\/en\/our-packaging\/","title":{"rendered":"Our packaging"},"content":{"rendered":"\t\t<div data-elementor-type=\"wp-page\" data-elementor-id=\"10940\" class=\"elementor elementor-10940 elementor-8004\" data-elementor-post-type=\"page\">\n\t\t\t\t<div class=\"elementor-element elementor-element-7de75879 e-flex e-con-boxed e-con e-parent\" data-id=\"7de75879\" data-element_type=\"container\" data-e-type=\"container\" data-settings=\"{&quot;background_background&quot;:&quot;classic&quot;}\">\n\t\t\t\t\t<div class=\"e-con-inner\">\n\t\t\t\t\t<\/div>\n\t\t\t\t<\/div>\n\t\t<div class=\"elementor-element elementor-element-2b59c87 e-con-full e-flex e-con e-parent\" data-id=\"2b59c87\" data-element_type=\"container\" data-e-type=\"container\">\n\t\t\t\t<div class=\"elementor-element elementor-element-ac55671 elementor-hidden-tablet elementor-hidden-mobile elementor-nav-menu__text-align-aside elementor-nav-menu--toggle elementor-nav-menu--burger elementor-widget elementor-widget-global elementor-global-10614 elementor-widget-nav-menu\" data-id=\"ac55671\" data-element_type=\"widget\" data-e-type=\"widget\" data-settings=\"{&quot;layout&quot;:&quot;dropdown&quot;,&quot;sticky&quot;:&quot;top&quot;,&quot;sticky_on&quot;:[&quot;desktop&quot;],&quot;sticky_offset&quot;:430,&quot;submenu_icon&quot;:{&quot;value&quot;:&quot;fas fa-caret-down&quot;,&quot;library&quot;:&quot;fa-solid&quot;},&quot;toggle&quot;:&quot;burger&quot;,&quot;sticky_effects_offset&quot;:0,&quot;sticky_anchor_link_offset&quot;:0}\" data-widget_type=\"nav-menu.default\">\n\t\t\t\t<div class=\"elementor-widget-container\">\n\t\t\t\t\t\t\t<div class=\"elementor-menu-toggle\" role=\"button\" tabindex=\"0\" aria-label=\"Menu Toggle\" aria-expanded=\"false\">\n\t\t\t<i aria-hidden=\"true\" role=\"presentation\" class=\"elementor-menu-toggle__icon--open eicon-menu-bar\"><\/i><i aria-hidden=\"true\" role=\"presentation\" class=\"elementor-menu-toggle__icon--close eicon-close\"><\/i>\t\t<\/div>\n\t\t\t\t\t<nav class=\"elementor-nav-menu--dropdown elementor-nav-menu__container\" aria-hidden=\"true\">\n\t\t\t\t<ul id=\"menu-2-ac55671\" class=\"elementor-nav-menu\"><li class=\"menu-item menu-item-type-post_type menu-item-object-page menu-item-11200\"><a href=\"https:\/\/www.idhea.fr\/en\/who-we-are\/\" class=\"elementor-item\" tabindex=\"-1\">Who we are<\/a><\/li>\n<li class=\"menu-item menu-item-type-post_type menu-item-object-page menu-item-11201\"><a href=\"https:\/\/www.idhea.fr\/en\/history\/\" class=\"elementor-item\" tabindex=\"-1\">History<\/a><\/li>\n<li class=\"menu-item menu-item-type-post_type menu-item-object-page menu-item-11202\"><a href=\"https:\/\/www.idhea.fr\/en\/our-sauces\/\" class=\"elementor-item\" tabindex=\"-1\">Our sauces<\/a><\/li>\n<li class=\"menu-item menu-item-type-post_type menu-item-object-page menu-item-11203\"><a href=\"https:\/\/www.idhea.fr\/en\/brands\/\" class=\"elementor-item\" tabindex=\"-1\">Brands<\/a><\/li>\n<li class=\"menu-item menu-item-type-post_type menu-item-object-page menu-item-11204\"><a href=\"https:\/\/www.idhea.fr\/en\/our-packaging\/\" class=\"elementor-item\" tabindex=\"-1\">Our packaging<\/a><\/li>\n<li class=\"menu-item menu-item-type-post_type menu-item-object-page menu-item-11205\"><a href=\"https:\/\/www.idhea.fr\/en\/expertise\/\" class=\"elementor-item\" tabindex=\"-1\">Expertise<\/a><\/li>\n<\/ul>\t\t\t<\/nav>\n\t\t\t\t\t\t<\/div>\n\t\t\t\t<\/div>\n\t\t\t\t<\/div>\n\t\t<div class=\"elementor-element elementor-element-8cd72f8 e-flex e-con-boxed e-con e-parent\" data-id=\"8cd72f8\" data-element_type=\"container\" data-e-type=\"container\">\n\t\t\t\t\t<div class=\"e-con-inner\">\n\t\t\t\t<div class=\"elementor-element elementor-element-4556d4a elementor-widget__width-initial elementor-widget elementor-widget-text-editor\" data-id=\"4556d4a\" data-element_type=\"widget\" data-e-type=\"widget\" data-widget_type=\"text-editor.default\">\n\t\t\t\t<div class=\"elementor-widget-container\">\n\t\t\t\t\t\t\t\t\t<p>Idh\u00e9a came about with the amalgamation of two major brands: La Case aux \u00c9pices and Saveurs &amp; Sauces. Their history is made up of a series of events and projects that illustrate one of Idh\u00e9a\u2019s three core values: pioneering spirit. La Case aux \u00c9pices has introduced innovations that have marked real turning points in the catering market: the first sugar sticks, the first sauces in paper sachets, the first chilli oil sachets for pizza, the first sauces in stick packs, etc.<\/p>\t\t\t\t\t\t\t\t<\/div>\n\t\t\t\t<\/div>\n\t\t\t\t\t<\/div>\n\t\t\t\t<\/div>\n\t\t<div class=\"elementor-element elementor-element-914411a e-flex e-con-boxed e-con e-parent\" data-id=\"914411a\" data-element_type=\"container\" data-e-type=\"container\" data-settings=\"{&quot;background_background&quot;:&quot;classic&quot;}\">\n\t\t\t\t\t<div class=\"e-con-inner\">\n\t\t\t\t<div class=\"elementor-element elementor-element-d237b06 elementor-widget elementor-widget-heading\" data-id=\"d237b06\" data-element_type=\"widget\" data-e-type=\"widget\" data-widget_type=\"heading.default\">\n\t\t\t\t<div class=\"elementor-widget-container\">\n\t\t\t\t\t<h2 class=\"elementor-heading-title elementor-size-default\">Packaging solutions <br>for every need<\/h2>\t\t\t\t<\/div>\n\t\t\t\t<\/div>\n\t\t<div class=\"elementor-element elementor-element-5d3ea50 e-flex e-con-boxed e-con e-child\" data-id=\"5d3ea50\" data-element_type=\"container\" data-e-type=\"container\">\n\t\t\t\t\t<div class=\"e-con-inner\">\n\t\t<div class=\"elementor-element elementor-element-7c1b7d4 e-con-full e-flex e-con e-child\" data-id=\"7c1b7d4\" data-element_type=\"container\" data-e-type=\"container\" data-settings=\"{&quot;background_background&quot;:&quot;classic&quot;}\">\n\t\t\t\t<\/div>\n\t\t<div class=\"elementor-element elementor-element-32acf62 e-con-full e-flex e-con e-child\" data-id=\"32acf62\" data-element_type=\"container\" data-e-type=\"container\" data-settings=\"{&quot;background_background&quot;:&quot;classic&quot;}\">\n\t\t\t\t<\/div>\n\t\t<div class=\"elementor-element elementor-element-60ac2a5 e-con-full e-flex e-con e-child\" data-id=\"60ac2a5\" data-element_type=\"container\" data-e-type=\"container\" data-settings=\"{&quot;background_background&quot;:&quot;classic&quot;}\">\n\t\t\t\t<\/div>\n\t\t\t\t\t<\/div>\n\t\t\t\t<\/div>\n\t\t\t\t<div class=\"elementor-element elementor-element-b7004b9 elementor-widget__width-initial elementor-widget elementor-widget-text-editor\" data-id=\"b7004b9\" data-element_type=\"widget\" data-e-type=\"widget\" data-widget_type=\"text-editor.default\">\n\t\t\t\t<div class=\"elementor-widget-container\">\n\t\t\t\t\t\t\t\t\t<p>Today, Idh\u00e9a\u2019s many packaging lines offer great versatility. We offer a wide variety of packaging solutions to cover all your needs. Whether for the catering industry &#8211; both kitchen and dining room &#8211; or to enhance the dishes prepared by our clients in the food industry, or for all of us, as customers in the retail sector, we have solutions for each target market.<\/p>\t\t\t\t\t\t\t\t<\/div>\n\t\t\t\t<\/div>\n\t\t<div class=\"elementor-element elementor-element-aee90b0 e-flex e-con-boxed e-con e-child\" data-id=\"aee90b0\" data-element_type=\"container\" data-e-type=\"container\">\n\t\t\t\t\t<div class=\"e-con-inner\">\n\t\t<div class=\"elementor-element elementor-element-40ed508 e-con-full e-flex e-con e-child\" data-id=\"40ed508\" data-element_type=\"container\" data-e-type=\"container\">\n\t\t\t\t<div class=\"elementor-element elementor-element-340e0eb elementor-widget elementor-widget-heading\" data-id=\"340e0eb\" data-element_type=\"widget\" data-e-type=\"widget\" data-widget_type=\"heading.default\">\n\t\t\t\t<div class=\"elementor-widget-container\">\n\t\t\t\t\t<div class=\"elementor-heading-title elementor-size-default\">To date, we have more than <br><span style=\"color:var( --e-global-color-primary )\">50 differenttypes of<\/span> packaging and formats:<\/div>\t\t\t\t<\/div>\n\t\t\t\t<\/div>\n\t\t\t\t<div class=\"elementor-element elementor-element-5457d9e elementor-widget elementor-widget-text-editor\" data-id=\"5457d9e\" data-element_type=\"widget\" data-e-type=\"widget\" data-widget_type=\"text-editor.default\">\n\t\t\t\t<div class=\"elementor-widget-container\">\n\t\t\t\t\t\t\t\t\t<p><strong>\u2022<\/strong> 0.8 g and 14 g sachets<br><strong>\u2022<\/strong> 4 g and 10 g sticks, in bulk, packs and dispenser boxes<br><strong>\u2022<\/strong> 3 ml to 50 ml sachets<br><strong>\u2022<\/strong> Individual 20 g and 25 g pots<br><strong>\u2022<\/strong> 18 g pepper shakers<br><strong>\u2022<\/strong> 50 g salt shakers<br><strong>\u2022<\/strong> 350 ml, 500 ml and 800 ml squeeze bottles<br><strong>\u2022<\/strong> 350 ml, 500 ml, and 1 L bottles (various shapes available)<br><strong>\u2022<\/strong> 40 ml, 50 ml and 125 g pots<br><strong>\u2022<\/strong> 100 g, 170 g and 265 g tubes<br><strong>\u2022<\/strong> 5 L drums<br><strong>\u2022<\/strong> 3 L pump dispenser jars<br><strong>\u2022<\/strong> 3 L, 5 L, 10 L and 20 L pails<br><strong>\u2022<\/strong> Large containers (CHEP bags)<\/p>\t\t\t\t\t\t\t\t<\/div>\n\t\t\t\t<\/div>\n\t\t\t\t<\/div>\n\t\t<div class=\"elementor-element elementor-element-2012165 e-con-full e-flex e-con e-child\" data-id=\"2012165\" data-element_type=\"container\" data-e-type=\"container\">\n\t\t\t\t<div class=\"elementor-element elementor-element-d7cd15c elementor-widget elementor-widget-image\" data-id=\"d7cd15c\" data-element_type=\"widget\" data-e-type=\"widget\" data-widget_type=\"image.default\">\n\t\t\t\t<div class=\"elementor-widget-container\">\n\t\t\t\t\t\t\t\t\t\t\t\t\t\t\t<img fetchpriority=\"high\" decoding=\"async\" width=\"705\" height=\"497\" src=\"https:\/\/www.idhea.fr\/wp-content\/uploads\/2023\/01\/P32_Plaquette_plaquette-axe1-min.png\" class=\"attachment-full size-full wp-image-10517\" alt=\"Diff\u00e9rents conditionnements\" srcset=\"https:\/\/www.idhea.fr\/wp-content\/uploads\/2023\/01\/P32_Plaquette_plaquette-axe1-min.png 705w, https:\/\/www.idhea.fr\/wp-content\/uploads\/2023\/01\/P32_Plaquette_plaquette-axe1-min-300x211.png 300w\" sizes=\"(max-width: 705px) 100vw, 705px\" \/>\t\t\t\t\t\t\t\t\t\t\t\t\t\t\t<\/div>\n\t\t\t\t<\/div>\n\t\t\t\t<\/div>\n\t\t\t\t\t<\/div>\n\t\t\t\t<\/div>\n\t\t\t\t<div class=\"elementor-element elementor-element-33c814a elementor-widget elementor-widget-text-editor\" data-id=\"33c814a\" data-element_type=\"widget\" data-e-type=\"widget\" data-widget_type=\"text-editor.default\">\n\t\t\t\t<div class=\"elementor-widget-container\">\n\t\t\t\t\t\t\t\t\t<p>Are you a trade buyer? Part of the eating-out industry? Do you have special requirements for a particular type of packaging? <br>This list should give you some idea of our versatility. Please get in touch if you are looking for something else, and we will consider your request.<\/p>\t\t\t\t\t\t\t\t<\/div>\n\t\t\t\t<\/div>\n\t\t<div class=\"elementor-element elementor-element-b17b9f4 e-flex e-con-boxed e-con e-child\" data-id=\"b17b9f4\" data-element_type=\"container\" data-e-type=\"container\" data-settings=\"{&quot;background_background&quot;:&quot;classic&quot;}\">\n\t\t\t\t\t<div class=\"e-con-inner\">\n\t\t\t\t<div class=\"elementor-element elementor-element-c8d298f elementor-widget elementor-widget-text-editor\" data-id=\"c8d298f\" data-element_type=\"widget\" data-e-type=\"widget\" data-widget_type=\"text-editor.default\">\n\t\t\t\t<div class=\"elementor-widget-container\">\n\t\t\t\t\t\t\t\t\t<p>Need more information? <\/p>\t\t\t\t\t\t\t\t<\/div>\n\t\t\t\t<\/div>\n\t\t\t\t<div class=\"elementor-element elementor-element-c24a077 elementor-position-inline-end elementor-mobile-position-inline-end elementor-view-default elementor-widget elementor-widget-icon-box\" data-id=\"c24a077\" data-element_type=\"widget\" data-e-type=\"widget\" data-widget_type=\"icon-box.default\">\n\t\t\t\t<div class=\"elementor-widget-container\">\n\t\t\t\t\t\t\t<div class=\"elementor-icon-box-wrapper\">\n\n\t\t\t\t\t\t<div class=\"elementor-icon-box-icon\">\n\t\t\t\t<a href=\"https:\/\/www.idhea.fr\/en\/contact\/\" class=\"elementor-icon\" tabindex=\"-1\" aria-label=\"CONTACT US\">\n\t\t\t\t<i aria-hidden=\"true\" class=\"fas fa-chevron-right\"><\/i>\t\t\t\t<\/a>\n\t\t\t<\/div>\n\t\t\t\n\t\t\t\t\t\t<div class=\"elementor-icon-box-content\">\n\n\t\t\t\t\t\t\t\t\t<span class=\"elementor-icon-box-title\">\n\t\t\t\t\t\t<a href=\"https:\/\/www.idhea.fr\/en\/contact\/\" >\n\t\t\t\t\t\t\tCONTACT US\t\t\t\t\t\t<\/a>\n\t\t\t\t\t<\/span>\n\t\t\t\t\n\t\t\t\t\n\t\t\t<\/div>\n\t\t\t\n\t\t<\/div>\n\t\t\t\t\t\t<\/div>\n\t\t\t\t<\/div>\n\t\t\t\t\t<\/div>\n\t\t\t\t<\/div>\n\t\t\t\t\t<\/div>\n\t\t\t\t<\/div>\n\t\t<div class=\"elementor-element elementor-element-5901692 e-flex e-con-boxed e-con e-parent\" data-id=\"5901692\" data-element_type=\"container\" data-e-type=\"container\" data-settings=\"{&quot;background_background&quot;:&quot;classic&quot;}\">\n\t\t\t\t\t<div class=\"e-con-inner\">\n\t\t\t\t<div class=\"elementor-element elementor-element-ffc8145 elementor-widget elementor-widget-heading\" data-id=\"ffc8145\" data-element_type=\"widget\" data-e-type=\"widget\" data-widget_type=\"heading.default\">\n\t\t\t\t<div class=\"elementor-widget-container\">\n\t\t\t\t\t<h2 class=\"elementor-heading-title elementor-size-default\">Great flexibility\n<br>in secondary packaging<\/h2>\t\t\t\t<\/div>\n\t\t\t\t<\/div>\n\t\t<div class=\"elementor-element elementor-element-1ac978d e-flex e-con-boxed e-con e-child\" data-id=\"1ac978d\" data-element_type=\"container\" data-e-type=\"container\">\n\t\t\t\t\t<div class=\"e-con-inner\">\n\t\t<div class=\"elementor-element elementor-element-fce4d4d e-con-full e-flex e-con e-child\" data-id=\"fce4d4d\" data-element_type=\"container\" data-e-type=\"container\" data-settings=\"{&quot;background_background&quot;:&quot;classic&quot;}\">\n\t\t\t\t<\/div>\n\t\t<div class=\"elementor-element elementor-element-1b0a99f e-con-full e-flex e-con e-child\" data-id=\"1b0a99f\" data-element_type=\"container\" data-e-type=\"container\" data-settings=\"{&quot;background_background&quot;:&quot;classic&quot;}\">\n\t\t\t\t<\/div>\n\t\t<div class=\"elementor-element elementor-element-7d848f3 e-con-full e-flex e-con e-child\" data-id=\"7d848f3\" data-element_type=\"container\" data-e-type=\"container\" data-settings=\"{&quot;background_background&quot;:&quot;classic&quot;}\">\n\t\t\t\t<\/div>\n\t\t\t\t\t<\/div>\n\t\t\t\t<\/div>\n\t\t\t\t<div class=\"elementor-element elementor-element-4d5b2db elementor-widget__width-initial elementor-widget elementor-widget-text-editor\" data-id=\"4d5b2db\" data-element_type=\"widget\" data-e-type=\"widget\" data-widget_type=\"text-editor.default\">\n\t\t\t\t<div class=\"elementor-widget-container\">\n\t\t\t\t\t\t\t\t\t<p>At Idh\u00e9a, case packing can be automated or done manually up to palletisation. We have solutions ranging from bulk in cardboard boxes to film-covered display trays and from Technifil containers to returnable crates (for Switzerland).<\/p>\t\t\t\t\t\t\t\t<\/div>\n\t\t\t\t<\/div>\n\t\t<div class=\"elementor-element elementor-element-f9f79af e-flex e-con-boxed e-con e-child\" data-id=\"f9f79af\" data-element_type=\"container\" data-e-type=\"container\">\n\t\t\t\t\t<div class=\"e-con-inner\">\n\t\t<div class=\"elementor-element elementor-element-413fee3 e-con-full e-flex e-con e-child\" data-id=\"413fee3\" data-element_type=\"container\" data-e-type=\"container\">\n\t\t\t\t<div class=\"elementor-element elementor-element-10e3660 elementor-widget elementor-widget-text-editor\" data-id=\"10e3660\" data-element_type=\"widget\" data-e-type=\"widget\" data-widget_type=\"text-editor.default\">\n\t\t\t\t<div class=\"elementor-widget-container\">\n\t\t\t\t\t\t\t\t\t<p>Whether you&#8217;re a manufacturer with your own handling constraints, or a distributor with precise logistical and commercial requirements, let us know what you need: <br>and we&#8217;ll work with you to find the best solution.<\/p>\t\t\t\t\t\t\t\t<\/div>\n\t\t\t\t<\/div>\n\t\t\t\t<\/div>\n\t\t<div class=\"elementor-element elementor-element-37a7235 e-con-full e-flex e-con e-child\" data-id=\"37a7235\" data-element_type=\"container\" data-e-type=\"container\">\n\t\t\t\t<div class=\"elementor-element elementor-element-c0cad53 elementor-widget elementor-widget-image\" data-id=\"c0cad53\" data-element_type=\"widget\" data-e-type=\"widget\" data-widget_type=\"image.default\">\n\t\t\t\t<div class=\"elementor-widget-container\">\n\t\t\t\t\t\t\t\t\t\t\t\t\t\t\t<img decoding=\"async\" width=\"453\" height=\"442\" src=\"https:\/\/www.idhea.fr\/wp-content\/uploads\/2023\/01\/Encaissage_automatique.png\" class=\"attachment-full size-full wp-image-10419\" alt=\"Ligne d&#039;encaissage automatique\" srcset=\"https:\/\/www.idhea.fr\/wp-content\/uploads\/2023\/01\/Encaissage_automatique.png 453w, https:\/\/www.idhea.fr\/wp-content\/uploads\/2023\/01\/Encaissage_automatique-300x293.png 300w\" sizes=\"(max-width: 453px) 100vw, 453px\" \/>\t\t\t\t\t\t\t\t\t\t\t\t\t\t\t<\/div>\n\t\t\t\t<\/div>\n\t\t\t\t<\/div>\n\t\t\t\t\t<\/div>\n\t\t\t\t<\/div>\n\t\t<div class=\"elementor-element elementor-element-dd44513 e-flex e-con-boxed e-con e-child\" data-id=\"dd44513\" data-element_type=\"container\" data-e-type=\"container\" data-settings=\"{&quot;background_background&quot;:&quot;classic&quot;}\">\n\t\t\t\t\t<div class=\"e-con-inner\">\n\t\t\t\t<div class=\"elementor-element elementor-element-93a501a elementor-widget elementor-widget-text-editor\" data-id=\"93a501a\" data-element_type=\"widget\" data-e-type=\"widget\" data-widget_type=\"text-editor.default\">\n\t\t\t\t<div class=\"elementor-widget-container\">\n\t\t\t\t\t\t\t\t\t<p>Need more information? <\/p>\t\t\t\t\t\t\t\t<\/div>\n\t\t\t\t<\/div>\n\t\t\t\t<div class=\"elementor-element elementor-element-b4c7bdf elementor-position-inline-end elementor-mobile-position-inline-end elementor-view-default elementor-widget elementor-widget-icon-box\" data-id=\"b4c7bdf\" data-element_type=\"widget\" data-e-type=\"widget\" data-widget_type=\"icon-box.default\">\n\t\t\t\t<div class=\"elementor-widget-container\">\n\t\t\t\t\t\t\t<div class=\"elementor-icon-box-wrapper\">\n\n\t\t\t\t\t\t<div class=\"elementor-icon-box-icon\">\n\t\t\t\t<a href=\"https:\/\/www.idhea.fr\/en\/contact\/\" class=\"elementor-icon\" tabindex=\"-1\" aria-label=\"CONTACT US\">\n\t\t\t\t<i aria-hidden=\"true\" class=\"fas fa-chevron-right\"><\/i>\t\t\t\t<\/a>\n\t\t\t<\/div>\n\t\t\t\n\t\t\t\t\t\t<div class=\"elementor-icon-box-content\">\n\n\t\t\t\t\t\t\t\t\t<span class=\"elementor-icon-box-title\">\n\t\t\t\t\t\t<a href=\"https:\/\/www.idhea.fr\/en\/contact\/\" >\n\t\t\t\t\t\t\tCONTACT US\t\t\t\t\t\t<\/a>\n\t\t\t\t\t<\/span>\n\t\t\t\t\n\t\t\t\t\n\t\t\t<\/div>\n\t\t\t\n\t\t<\/div>\n\t\t\t\t\t\t<\/div>\n\t\t\t\t<\/div>\n\t\t\t\t\t<\/div>\n\t\t\t\t<\/div>\n\t\t\t\t\t<\/div>\n\t\t\t\t<\/div>\n\t\t<div class=\"elementor-element elementor-element-25dbe5a e-flex e-con-boxed e-con e-parent\" data-id=\"25dbe5a\" data-element_type=\"container\" data-e-type=\"container\" data-settings=\"{&quot;background_background&quot;:&quot;classic&quot;}\">\n\t\t\t\t\t<div class=\"e-con-inner\">\n\t\t\t\t<div class=\"elementor-element elementor-element-520141a elementor-widget elementor-widget-heading\" data-id=\"520141a\" data-element_type=\"widget\" data-e-type=\"widget\" data-widget_type=\"heading.default\">\n\t\t\t\t<div class=\"elementor-widget-container\">\n\t\t\t\t\t<h2 class=\"elementor-heading-title elementor-size-default\">Increasingly responsible packaging\n<br><\/h2>\t\t\t\t<\/div>\n\t\t\t\t<\/div>\n\t\t<div class=\"elementor-element elementor-element-057f46e e-flex e-con-boxed e-con e-child\" data-id=\"057f46e\" data-element_type=\"container\" data-e-type=\"container\">\n\t\t\t\t\t<div class=\"e-con-inner\">\n\t\t<div class=\"elementor-element elementor-element-7cf1925 e-con-full e-flex e-con e-child\" data-id=\"7cf1925\" data-element_type=\"container\" data-e-type=\"container\" data-settings=\"{&quot;background_background&quot;:&quot;classic&quot;}\">\n\t\t\t\t<\/div>\n\t\t<div class=\"elementor-element elementor-element-f3bc271 e-con-full e-flex e-con e-child\" data-id=\"f3bc271\" data-element_type=\"container\" data-e-type=\"container\" data-settings=\"{&quot;background_background&quot;:&quot;classic&quot;}\">\n\t\t\t\t<\/div>\n\t\t<div class=\"elementor-element elementor-element-56bcf1b e-con-full e-flex e-con e-child\" data-id=\"56bcf1b\" data-element_type=\"container\" data-e-type=\"container\" data-settings=\"{&quot;background_background&quot;:&quot;classic&quot;}\">\n\t\t\t\t<\/div>\n\t\t\t\t\t<\/div>\n\t\t\t\t<\/div>\n\t\t<div class=\"elementor-element elementor-element-bc493c6 e-flex e-con-boxed e-con e-child\" data-id=\"bc493c6\" data-element_type=\"container\" data-e-type=\"container\">\n\t\t\t\t\t<div class=\"e-con-inner\">\n\t\t<div class=\"elementor-element elementor-element-dfab476 e-con-full e-flex e-con e-child\" data-id=\"dfab476\" data-element_type=\"container\" data-e-type=\"container\">\n\t\t\t\t<div class=\"elementor-element elementor-element-22913a8 elementor-widget elementor-widget-text-editor\" data-id=\"22913a8\" data-element_type=\"widget\" data-e-type=\"widget\" data-widget_type=\"text-editor.default\">\n\t\t\t\t<div class=\"elementor-widget-container\">\n\t\t\t\t\t\t\t\t\t<p>In our sector, plastic is still necessary for packaging our products. It&#8217;s therefore essential that we eco-design our packaging to limit our environmental footprint as much as possible, encourage re-use, and become part of the closed-loop economy.<\/p>\t\t\t\t\t\t\t\t<\/div>\n\t\t\t\t<\/div>\n\t\t\t\t<div class=\"elementor-element elementor-element-472114c elementor-mobile-align-center elementor-widget elementor-widget-button\" data-id=\"472114c\" data-element_type=\"widget\" data-e-type=\"widget\" data-widget_type=\"button.default\">\n\t\t\t\t<div class=\"elementor-widget-container\">\n\t\t\t\t\t\t\t\t\t<div class=\"elementor-button-wrapper\">\n\t\t\t\t\t<a class=\"elementor-button elementor-button-link elementor-size-sm\" href=\"https:\/\/www.idhea.fr\/en\/sustainable-development\/\">\n\t\t\t\t\t\t<span class=\"elementor-button-content-wrapper\">\n\t\t\t\t\t\t<span class=\"elementor-button-icon\">\n\t\t\t\t<i aria-hidden=\"true\" class=\"fas fa-chevron-circle-right\"><\/i>\t\t\t<\/span>\n\t\t\t\t\t\t\t\t\t<span class=\"elementor-button-text\">Find out more<\/span>\n\t\t\t\t\t<\/span>\n\t\t\t\t\t<\/a>\n\t\t\t\t<\/div>\n\t\t\t\t\t\t\t\t<\/div>\n\t\t\t\t<\/div>\n\t\t\t\t<\/div>\n\t\t<div class=\"elementor-element elementor-element-fb03620 e-con-full e-flex e-con e-child\" data-id=\"fb03620\" data-element_type=\"container\" data-e-type=\"container\">\n\t\t\t\t<div class=\"elementor-element elementor-element-7605d75 elementor-widget elementor-widget-image\" data-id=\"7605d75\" data-element_type=\"widget\" data-e-type=\"widget\" data-widget_type=\"image.default\">\n\t\t\t\t<div class=\"elementor-widget-container\">\n\t\t\t\t\t\t\t\t\t\t\t\t\t\t\t<img decoding=\"async\" width=\"453\" height=\"442\" src=\"https:\/\/www.idhea.fr\/wp-content\/uploads\/2023\/01\/pompe.png\" class=\"attachment-full size-full wp-image-10420\" alt=\"Contenant \u00e0 sauce sur chaine de production\" srcset=\"https:\/\/www.idhea.fr\/wp-content\/uploads\/2023\/01\/pompe.png 453w, https:\/\/www.idhea.fr\/wp-content\/uploads\/2023\/01\/pompe-300x293.png 300w\" sizes=\"(max-width: 453px) 100vw, 453px\" \/>\t\t\t\t\t\t\t\t\t\t\t\t\t\t\t<\/div>\n\t\t\t\t<\/div>\n\t\t\t\t<\/div>\n\t\t\t\t\t<\/div>\n\t\t\t\t<\/div>\n\t\t\t\t<div class=\"elementor-element elementor-element-8424ada elementor-widget__width-initial elementor-widget elementor-widget-text-editor\" data-id=\"8424ada\" data-element_type=\"widget\" data-e-type=\"widget\" data-widget_type=\"text-editor.default\">\n\t\t\t\t<div class=\"elementor-widget-container\">\n\t\t\t\t\t\t\t\t\t<p>For the years to come, Idh\u00e9a has set ambitious targets in terms of recyclability, packaging weight reduction and the integration of recycled and renewable raw materials. This is why, at Idh\u00e9a, our R&amp;D Project Manager for packaging development is also our Sustainable Development Manager. Find out how her role is defined by our values and commitments.<\/p>\t\t\t\t\t\t\t\t<\/div>\n\t\t\t\t<\/div>\n\t\t\t\t<div class=\"elementor-element elementor-element-3634ac4 elementor-align-center elementor-widget elementor-widget-button\" data-id=\"3634ac4\" data-element_type=\"widget\" data-e-type=\"widget\" data-widget_type=\"button.default\">\n\t\t\t\t<div class=\"elementor-widget-container\">\n\t\t\t\t\t\t\t\t\t<div class=\"elementor-button-wrapper\">\n\t\t\t\t\t<a class=\"elementor-button elementor-button-link elementor-size-sm\" href=\"https:\/\/www.idhea.fr\/en\/sustainable-development\/\">\n\t\t\t\t\t\t<span class=\"elementor-button-content-wrapper\">\n\t\t\t\t\t\t<span class=\"elementor-button-icon\">\n\t\t\t\t<i aria-hidden=\"true\" class=\"fas fa-chevron-circle-right\"><\/i>\t\t\t<\/span>\n\t\t\t\t\t\t\t\t\t<span class=\"elementor-button-text\">Find out more<\/span>\n\t\t\t\t\t<\/span>\n\t\t\t\t\t<\/a>\n\t\t\t\t<\/div>\n\t\t\t\t\t\t\t\t<\/div>\n\t\t\t\t<\/div>\n\t\t\t\t\t<\/div>\n\t\t\t\t<\/div>\n\t\t\t\t<\/div>\n\t\t","protected":false},"excerpt":{"rendered":"<p>Idh\u00e9a came about with the amalgamation of two major brands: La Case aux \u00c9pices and Saveurs &amp; Sauces. Their history is made up of a series of events and projects that illustrate one of Idh\u00e9a\u2019s three core values: pioneering spirit. La Case aux \u00c9pices has introduced innovations that have marked real turning points in the [&hellip;]<\/p>\n","protected":false},"author":2,"featured_media":0,"parent":0,"menu_order":0,"comment_status":"closed","ping_status":"closed","template":"elementor_header_footer","meta":{"_acf_changed":false,"footnotes":""},"folder":[20],"class_list":["post-10940","page","type-page","status-publish","hentry"],"acf":[],"_links":{"self":[{"href":"https:\/\/www.idhea.fr\/en\/wp-json\/wp\/v2\/pages\/10940","targetHints":{"allow":["GET"]}}],"collection":[{"href":"https:\/\/www.idhea.fr\/en\/wp-json\/wp\/v2\/pages"}],"about":[{"href":"https:\/\/www.idhea.fr\/en\/wp-json\/wp\/v2\/types\/page"}],"author":[{"embeddable":true,"href":"https:\/\/www.idhea.fr\/en\/wp-json\/wp\/v2\/users\/2"}],"replies":[{"embeddable":true,"href":"https:\/\/www.idhea.fr\/en\/wp-json\/wp\/v2\/comments?post=10940"}],"version-history":[{"count":2,"href":"https:\/\/www.idhea.fr\/en\/wp-json\/wp\/v2\/pages\/10940\/revisions"}],"predecessor-version":[{"id":12798,"href":"https:\/\/www.idhea.fr\/en\/wp-json\/wp\/v2\/pages\/10940\/revisions\/12798"}],"wp:attachment":[{"href":"https:\/\/www.idhea.fr\/en\/wp-json\/wp\/v2\/media?parent=10940"}],"wp:term":[{"taxonomy":"folder","embeddable":true,"href":"https:\/\/www.idhea.fr\/en\/wp-json\/wp\/v2\/folder?post=10940"}],"curies":[{"name":"wp","href":"https:\/\/api.w.org\/{rel}","templated":true}]}}