{"id":10922,"date":"2023-01-05T15:30:37","date_gmt":"2023-01-05T14:30:37","guid":{"rendered":"https:\/\/www.idhea.fr\/brands\/"},"modified":"2026-02-05T12:39:33","modified_gmt":"2026-02-05T11:39:33","slug":"brands","status":"publish","type":"page","link":"https:\/\/www.idhea.fr\/en\/brands\/","title":{"rendered":"Brands"},"content":{"rendered":"\t\t<div data-elementor-type=\"wp-page\" data-elementor-id=\"10922\" class=\"elementor elementor-10922 elementor-7827\" data-elementor-post-type=\"page\">\n\t\t\t\t<div class=\"elementor-element elementor-element-6592aa11 e-flex e-con-boxed e-con e-parent\" data-id=\"6592aa11\" data-element_type=\"container\" data-e-type=\"container\" data-settings=\"{&quot;background_background&quot;:&quot;classic&quot;}\">\n\t\t\t\t\t<div class=\"e-con-inner\">\n\t\t\t\t\t<\/div>\n\t\t\t\t<\/div>\n\t\t<div class=\"elementor-element elementor-element-9cf1d00 e-con-full e-flex e-con e-parent\" data-id=\"9cf1d00\" data-element_type=\"container\" data-e-type=\"container\">\n\t\t\t\t<div class=\"elementor-element elementor-element-80e5477 elementor-hidden-tablet elementor-hidden-mobile elementor-nav-menu__text-align-aside elementor-nav-menu--toggle elementor-nav-menu--burger elementor-widget elementor-widget-global elementor-global-10614 elementor-widget-nav-menu\" data-id=\"80e5477\" data-element_type=\"widget\" data-e-type=\"widget\" data-settings=\"{&quot;layout&quot;:&quot;dropdown&quot;,&quot;sticky&quot;:&quot;top&quot;,&quot;sticky_on&quot;:[&quot;desktop&quot;],&quot;sticky_offset&quot;:430,&quot;submenu_icon&quot;:{&quot;value&quot;:&quot;fas fa-caret-down&quot;,&quot;library&quot;:&quot;fa-solid&quot;},&quot;toggle&quot;:&quot;burger&quot;,&quot;sticky_effects_offset&quot;:0,&quot;sticky_anchor_link_offset&quot;:0}\" data-widget_type=\"nav-menu.default\">\n\t\t\t\t<div class=\"elementor-widget-container\">\n\t\t\t\t\t\t\t<div class=\"elementor-menu-toggle\" role=\"button\" tabindex=\"0\" aria-label=\"Menu Toggle\" aria-expanded=\"false\">\n\t\t\t<i aria-hidden=\"true\" role=\"presentation\" class=\"elementor-menu-toggle__icon--open eicon-menu-bar\"><\/i><i aria-hidden=\"true\" role=\"presentation\" class=\"elementor-menu-toggle__icon--close eicon-close\"><\/i>\t\t<\/div>\n\t\t\t\t\t<nav class=\"elementor-nav-menu--dropdown elementor-nav-menu__container\" aria-hidden=\"true\">\n\t\t\t\t<ul id=\"menu-2-80e5477\" class=\"elementor-nav-menu\"><li class=\"menu-item menu-item-type-post_type menu-item-object-page menu-item-11200\"><a href=\"https:\/\/www.idhea.fr\/en\/who-we-are\/\" class=\"elementor-item\" tabindex=\"-1\">Who we are<\/a><\/li>\n<li class=\"menu-item menu-item-type-post_type menu-item-object-page menu-item-11201\"><a href=\"https:\/\/www.idhea.fr\/en\/history\/\" class=\"elementor-item\" tabindex=\"-1\">History<\/a><\/li>\n<li class=\"menu-item menu-item-type-post_type menu-item-object-page menu-item-11202\"><a href=\"https:\/\/www.idhea.fr\/en\/our-sauces\/\" class=\"elementor-item\" tabindex=\"-1\">Our sauces<\/a><\/li>\n<li class=\"menu-item menu-item-type-post_type menu-item-object-page menu-item-11203\"><a href=\"https:\/\/www.idhea.fr\/en\/brands\/\" class=\"elementor-item\" tabindex=\"-1\">Brands<\/a><\/li>\n<li class=\"menu-item menu-item-type-post_type menu-item-object-page menu-item-11204\"><a href=\"https:\/\/www.idhea.fr\/en\/our-packaging\/\" class=\"elementor-item\" tabindex=\"-1\">Our packaging<\/a><\/li>\n<li class=\"menu-item menu-item-type-post_type menu-item-object-page menu-item-11205\"><a href=\"https:\/\/www.idhea.fr\/en\/expertise\/\" class=\"elementor-item\" tabindex=\"-1\">Expertise<\/a><\/li>\n<\/ul>\t\t\t<\/nav>\n\t\t\t\t\t\t<\/div>\n\t\t\t\t<\/div>\n\t\t\t\t<\/div>\n\t\t<div class=\"elementor-element elementor-element-87fb756 e-flex e-con-boxed e-con e-parent\" data-id=\"87fb756\" data-element_type=\"container\" data-e-type=\"container\">\n\t\t\t\t\t<div class=\"e-con-inner\">\n\t\t\t\t<div class=\"elementor-element elementor-element-3547043 elementor-widget elementor-widget-text-editor\" data-id=\"3547043\" data-element_type=\"widget\" data-e-type=\"widget\" data-widget_type=\"text-editor.default\">\n\t\t\t\t<div class=\"elementor-widget-container\">\n\t\t\t\t\t\t\t\t\t<p>Idh\u00e9a represents 4 major brands, not to mention the employer brand and the private labels of our<br>restaurant and retail customers!<\/p>\t\t\t\t\t\t\t\t<\/div>\n\t\t\t\t<\/div>\n\t\t\t\t\t<\/div>\n\t\t\t\t<\/div>\n\t\t<div class=\"elementor-element elementor-element-4fdebb3 e-flex e-con-boxed e-con e-parent\" data-id=\"4fdebb3\" data-element_type=\"container\" data-e-type=\"container\" data-settings=\"{&quot;background_background&quot;:&quot;classic&quot;}\">\n\t\t\t\t\t<div class=\"e-con-inner\">\n\t\t\t\t<div class=\"elementor-element elementor-element-7a50dbc elementor-widget elementor-widget-menu-anchor\" data-id=\"7a50dbc\" data-element_type=\"widget\" data-e-type=\"widget\" data-widget_type=\"menu-anchor.default\">\n\t\t\t\t<div class=\"elementor-widget-container\">\n\t\t\t\t\t\t\t<div class=\"elementor-menu-anchor\" id=\"ancre_sets\"><\/div>\n\t\t\t\t\t\t<\/div>\n\t\t\t\t<\/div>\n\t\t\t\t<div class=\"elementor-element elementor-element-e087b8d elementor-widget elementor-widget-heading\" data-id=\"e087b8d\" data-element_type=\"widget\" data-e-type=\"widget\" data-widget_type=\"heading.default\">\n\t\t\t\t<div class=\"elementor-widget-container\">\n\t\t\t\t\t<h2 class=\"elementor-heading-title elementor-size-default\">Saveurs &amp; Sauces, <br>our 100% foodservice sauces brand<\/h2>\t\t\t\t<\/div>\n\t\t\t\t<\/div>\n\t\t<div class=\"elementor-element elementor-element-4f89617 e-flex e-con-boxed e-con e-parent\" data-id=\"4f89617\" data-element_type=\"container\" data-e-type=\"container\">\n\t\t\t\t\t<div class=\"e-con-inner\">\n\t\t<div class=\"elementor-element elementor-element-6bcc3c9 e-con-full e-flex e-con e-parent\" data-id=\"6bcc3c9\" data-element_type=\"container\" data-e-type=\"container\" data-settings=\"{&quot;background_background&quot;:&quot;classic&quot;}\">\n\t\t\t\t<\/div>\n\t\t<div class=\"elementor-element elementor-element-c301bfc e-con-full e-flex e-con e-parent\" data-id=\"c301bfc\" data-element_type=\"container\" data-e-type=\"container\" data-settings=\"{&quot;background_background&quot;:&quot;classic&quot;}\">\n\t\t\t\t<\/div>\n\t\t<div class=\"elementor-element elementor-element-d7eec8f e-con-full e-flex e-con e-parent\" data-id=\"d7eec8f\" data-element_type=\"container\" data-e-type=\"container\" data-settings=\"{&quot;background_background&quot;:&quot;classic&quot;}\">\n\t\t\t\t<\/div>\n\t\t\t\t\t<\/div>\n\t\t\t\t<\/div>\n\t\t\t\t<div class=\"elementor-element elementor-element-728a2d3 elementor-widget__width-initial elementor-widget elementor-widget-text-editor\" data-id=\"728a2d3\" data-element_type=\"widget\" data-e-type=\"widget\" data-widget_type=\"text-editor.default\">\n\t\t\t\t<div class=\"elementor-widget-container\">\n\t\t\t\t\t\t\t\t\t<p>Saveurs &amp; Sauces\u2019 expertise in making sauces goes right back to 1984! With over 60 individual products, the brand is present in institutional and corporate catering and its distribution networks.<\/p>\t\t\t\t\t\t\t\t<\/div>\n\t\t\t\t<\/div>\n\t\t<div class=\"elementor-element elementor-element-17efad7 e-flex e-con-boxed e-con e-parent\" data-id=\"17efad7\" data-element_type=\"container\" data-e-type=\"container\">\n\t\t\t\t\t<div class=\"e-con-inner\">\n\t\t<div class=\"elementor-element elementor-element-9f7c9b2 e-flex e-con-boxed e-con e-parent\" data-id=\"9f7c9b2\" data-element_type=\"container\" data-e-type=\"container\">\n\t\t\t\t\t<div class=\"e-con-inner\">\n\t\t\t\t<div class=\"elementor-element elementor-element-6219166 elementor-widget elementor-widget-image\" data-id=\"6219166\" data-element_type=\"widget\" data-e-type=\"widget\" data-widget_type=\"image.default\">\n\t\t\t\t<div class=\"elementor-widget-container\">\n\t\t\t\t\t\t\t\t\t\t\t\t\t\t\t<img fetchpriority=\"high\" decoding=\"async\" width=\"755\" height=\"753\" src=\"https:\/\/www.idhea.fr\/wp-content\/uploads\/2023\/01\/SS_MAYO.png\" class=\"attachment-full size-full wp-image-10443\" alt=\"Logo de la marque Saveurs et Sauces avec Mayonnaise\" srcset=\"https:\/\/www.idhea.fr\/wp-content\/uploads\/2023\/01\/SS_MAYO.png 755w, https:\/\/www.idhea.fr\/wp-content\/uploads\/2023\/01\/SS_MAYO-300x300.png 300w, https:\/\/www.idhea.fr\/wp-content\/uploads\/2023\/01\/SS_MAYO-150x150.png 150w\" sizes=\"(max-width: 755px) 100vw, 755px\" \/>\t\t\t\t\t\t\t\t\t\t\t\t\t\t\t<\/div>\n\t\t\t\t<\/div>\n\t\t\t\t\t<\/div>\n\t\t\t\t<\/div>\n\t\t<div class=\"elementor-element elementor-element-dd5cda4 e-flex e-con-boxed e-con e-parent\" data-id=\"dd5cda4\" data-element_type=\"container\" data-e-type=\"container\">\n\t\t\t\t\t<div class=\"e-con-inner\">\n\t\t\t\t<div class=\"elementor-element elementor-element-4748c34 elementor-widget elementor-widget-button\" data-id=\"4748c34\" data-element_type=\"widget\" data-e-type=\"widget\" data-widget_type=\"button.default\">\n\t\t\t\t<div class=\"elementor-widget-container\">\n\t\t\t\t\t\t\t\t\t<div class=\"elementor-button-wrapper\">\n\t\t\t\t\t<a class=\"elementor-button elementor-button-link elementor-size-sm\" href=\"https:\/\/saveursetsauces.com\" target=\"_blank\">\n\t\t\t\t\t\t<span class=\"elementor-button-content-wrapper\">\n\t\t\t\t\t\t<span class=\"elementor-button-icon\">\n\t\t\t\t<i aria-hidden=\"true\" class=\"fas fa-external-link-alt\"><\/i>\t\t\t<\/span>\n\t\t\t\t\t\t\t\t\t<span class=\"elementor-button-text\">Visit the website<\/span>\n\t\t\t\t\t<\/span>\n\t\t\t\t\t<\/a>\n\t\t\t\t<\/div>\n\t\t\t\t\t\t\t\t<\/div>\n\t\t\t\t<\/div>\n\t\t\t\t\t<\/div>\n\t\t\t\t<\/div>\n\t\t\t\t\t<\/div>\n\t\t\t\t<\/div>\n\t\t\t\t\t<\/div>\n\t\t\t\t<\/div>\n\t\t<div class=\"elementor-element elementor-element-c45c7ee e-flex e-con-boxed e-con e-parent\" data-id=\"c45c7ee\" data-element_type=\"container\" data-e-type=\"container\" data-settings=\"{&quot;background_background&quot;:&quot;classic&quot;}\">\n\t\t\t\t\t<div class=\"e-con-inner\">\n\t\t\t\t<div class=\"elementor-element elementor-element-1619134 elementor-widget elementor-widget-menu-anchor\" data-id=\"1619134\" data-element_type=\"widget\" data-e-type=\"widget\" data-widget_type=\"menu-anchor.default\">\n\t\t\t\t<div class=\"elementor-widget-container\">\n\t\t\t\t\t\t\t<div class=\"elementor-menu-anchor\" id=\"ancre_fraichtouch\"><\/div>\n\t\t\t\t\t\t<\/div>\n\t\t\t\t<\/div>\n\t\t\t\t<div class=\"elementor-element elementor-element-7bc64a1 elementor-widget elementor-widget-heading\" data-id=\"7bc64a1\" data-element_type=\"widget\" data-e-type=\"widget\" data-widget_type=\"heading.default\">\n\t\t\t\t<div class=\"elementor-widget-container\">\n\t\t\t\t\t<h2 class=\"elementor-heading-title elementor-size-default\">La Fra\u00eech' Touch <br>our consumer brand of salad dressings <br>and dippers<\/h2>\t\t\t\t<\/div>\n\t\t\t\t<\/div>\n\t\t<div class=\"elementor-element elementor-element-558cf1d e-flex e-con-boxed e-con e-parent\" data-id=\"558cf1d\" data-element_type=\"container\" data-e-type=\"container\">\n\t\t\t\t\t<div class=\"e-con-inner\">\n\t\t<div class=\"elementor-element elementor-element-37bc6c3 e-con-full e-flex e-con e-parent\" data-id=\"37bc6c3\" data-element_type=\"container\" data-e-type=\"container\" data-settings=\"{&quot;background_background&quot;:&quot;classic&quot;}\">\n\t\t\t\t<\/div>\n\t\t<div class=\"elementor-element elementor-element-8ed407d e-con-full e-flex e-con e-parent\" data-id=\"8ed407d\" data-element_type=\"container\" data-e-type=\"container\" data-settings=\"{&quot;background_background&quot;:&quot;classic&quot;}\">\n\t\t\t\t<\/div>\n\t\t<div class=\"elementor-element elementor-element-38ec030 e-con-full e-flex e-con e-parent\" data-id=\"38ec030\" data-element_type=\"container\" data-e-type=\"container\" data-settings=\"{&quot;background_background&quot;:&quot;classic&quot;}\">\n\t\t\t\t<\/div>\n\t\t\t\t\t<\/div>\n\t\t\t\t<\/div>\n\t\t\t\t<div class=\"elementor-element elementor-element-d24032c elementor-widget__width-initial elementor-widget elementor-widget-text-editor\" data-id=\"d24032c\" data-element_type=\"widget\" data-e-type=\"widget\" data-widget_type=\"text-editor.default\">\n\t\t\t\t<div class=\"elementor-widget-container\">\n\t\t\t\t\t\t\t\t\t<p>Launched in 2020, La Fra\u00eech&#8217; Touch is our retail outlet brand. Two ranges of salad dressings and dips are available in the chilled produce section, alongside bagged salads. La Fra\u00eech\u2019 Touch: it\u2019s good, it&#8217;s fresh and it&#8217;s French!<\/p>\t\t\t\t\t\t\t\t<\/div>\n\t\t\t\t<\/div>\n\t\t<div class=\"elementor-element elementor-element-0488f1d e-flex e-con-boxed e-con e-parent\" data-id=\"0488f1d\" data-element_type=\"container\" data-e-type=\"container\">\n\t\t\t\t\t<div class=\"e-con-inner\">\n\t\t<div class=\"elementor-element elementor-element-3ddf613 e-flex e-con-boxed e-con e-parent\" data-id=\"3ddf613\" data-element_type=\"container\" data-e-type=\"container\">\n\t\t\t\t\t<div class=\"e-con-inner\">\n\t\t\t\t<div class=\"elementor-element elementor-element-03e0d4d elementor-widget elementor-widget-button\" data-id=\"03e0d4d\" data-element_type=\"widget\" data-e-type=\"widget\" data-widget_type=\"button.default\">\n\t\t\t\t<div class=\"elementor-widget-container\">\n\t\t\t\t\t\t\t\t\t<div class=\"elementor-button-wrapper\">\n\t\t\t\t\t<a class=\"elementor-button elementor-button-link elementor-size-sm\" href=\"https:\/\/lafraichtouch.fr\" target=\"_blank\">\n\t\t\t\t\t\t<span class=\"elementor-button-content-wrapper\">\n\t\t\t\t\t\t<span class=\"elementor-button-icon\">\n\t\t\t\t<i aria-hidden=\"true\" class=\"fas fa-external-link-alt\"><\/i>\t\t\t<\/span>\n\t\t\t\t\t\t\t\t\t<span class=\"elementor-button-text\">Visit the website<\/span>\n\t\t\t\t\t<\/span>\n\t\t\t\t\t<\/a>\n\t\t\t\t<\/div>\n\t\t\t\t\t\t\t\t<\/div>\n\t\t\t\t<\/div>\n\t\t\t\t\t<\/div>\n\t\t\t\t<\/div>\n\t\t<div class=\"elementor-element elementor-element-f08e324 e-flex e-con-boxed e-con e-parent\" data-id=\"f08e324\" data-element_type=\"container\" data-e-type=\"container\">\n\t\t\t\t\t<div class=\"e-con-inner\">\n\t\t\t\t<div class=\"elementor-element elementor-element-5453fb4 elementor-widget elementor-widget-image\" data-id=\"5453fb4\" data-element_type=\"widget\" data-e-type=\"widget\" data-widget_type=\"image.default\">\n\t\t\t\t<div class=\"elementor-widget-container\">\n\t\t\t\t\t\t\t\t\t\t\t\t\t\t\t<img decoding=\"async\" width=\"504\" height=\"503\" src=\"https:\/\/www.idhea.fr\/wp-content\/uploads\/2023\/01\/frzichtouch.png\" class=\"attachment-full size-full wp-image-10400\" alt=\"Assortiment de produits de la marque La fra\u00eech touch\" srcset=\"https:\/\/www.idhea.fr\/wp-content\/uploads\/2023\/01\/frzichtouch.png 504w, https:\/\/www.idhea.fr\/wp-content\/uploads\/2023\/01\/frzichtouch-300x300.png 300w, https:\/\/www.idhea.fr\/wp-content\/uploads\/2023\/01\/frzichtouch-150x150.png 150w\" sizes=\"(max-width: 504px) 100vw, 504px\" \/>\t\t\t\t\t\t\t\t\t\t\t\t\t\t\t<\/div>\n\t\t\t\t<\/div>\n\t\t\t\t\t<\/div>\n\t\t\t\t<\/div>\n\t\t\t\t\t<\/div>\n\t\t\t\t<\/div>\n\t\t\t\t\t<\/div>\n\t\t\t\t<\/div>\n\t\t<div class=\"elementor-element elementor-element-c0e68fe e-flex e-con-boxed e-con e-parent\" data-id=\"c0e68fe\" data-element_type=\"container\" data-e-type=\"container\" data-settings=\"{&quot;background_background&quot;:&quot;classic&quot;}\">\n\t\t\t\t\t<div class=\"e-con-inner\">\n\t\t\t\t<div class=\"elementor-element elementor-element-cdaafbd elementor-widget elementor-widget-menu-anchor\" data-id=\"cdaafbd\" data-element_type=\"widget\" data-e-type=\"widget\" data-widget_type=\"menu-anchor.default\">\n\t\t\t\t<div class=\"elementor-widget-container\">\n\t\t\t\t\t\t\t<div class=\"elementor-menu-anchor\" id=\"ancre_lcae\"><\/div>\n\t\t\t\t\t\t<\/div>\n\t\t\t\t<\/div>\n\t\t\t\t<div class=\"elementor-element elementor-element-0015905 elementor-widget__width-initial elementor-widget elementor-widget-heading\" data-id=\"0015905\" data-element_type=\"widget\" data-e-type=\"widget\" data-widget_type=\"heading.default\">\n\t\t\t\t<div class=\"elementor-widget-container\">\n\t\t\t\t\t<h2 class=\"elementor-heading-title elementor-size-default\">La Case aux \u00c9pices <br>our brand of spices, salt and pepper for the catering trade<\/h2>\t\t\t\t<\/div>\n\t\t\t\t<\/div>\n\t\t<div class=\"elementor-element elementor-element-94f26ea e-flex e-con-boxed e-con e-parent\" data-id=\"94f26ea\" data-element_type=\"container\" data-e-type=\"container\">\n\t\t\t\t\t<div class=\"e-con-inner\">\n\t\t<div class=\"elementor-element elementor-element-8e5a2c3 e-con-full e-flex e-con e-parent\" data-id=\"8e5a2c3\" data-element_type=\"container\" data-e-type=\"container\" data-settings=\"{&quot;background_background&quot;:&quot;classic&quot;}\">\n\t\t\t\t<\/div>\n\t\t<div class=\"elementor-element elementor-element-d7eac89 e-con-full e-flex e-con e-parent\" data-id=\"d7eac89\" data-element_type=\"container\" data-e-type=\"container\" data-settings=\"{&quot;background_background&quot;:&quot;classic&quot;}\">\n\t\t\t\t<\/div>\n\t\t<div class=\"elementor-element elementor-element-48a6e49 e-con-full e-flex e-con e-parent\" data-id=\"48a6e49\" data-element_type=\"container\" data-e-type=\"container\" data-settings=\"{&quot;background_background&quot;:&quot;classic&quot;}\">\n\t\t\t\t<\/div>\n\t\t\t\t\t<\/div>\n\t\t\t\t<\/div>\n\t\t\t\t<div class=\"elementor-element elementor-element-40196bb elementor-widget__width-initial elementor-widget elementor-widget-text-editor\" data-id=\"40196bb\" data-element_type=\"widget\" data-e-type=\"widget\" data-widget_type=\"text-editor.default\">\n\t\t\t\t<div class=\"elementor-widget-container\">\n\t\t\t\t\t\t\t\t\t<p>Our longest established brand! Launched in 1971, La Case aux \u00c9pices marks the beginning of Idh\u00e9a. La Case aux \u00c9pices includes a range of spices and seasoning for institutional and corporate catering.<\/p>\t\t\t\t\t\t\t\t<\/div>\n\t\t\t\t<\/div>\n\t\t<div class=\"elementor-element elementor-element-0f58380 e-flex e-con-boxed e-con e-parent\" data-id=\"0f58380\" data-element_type=\"container\" data-e-type=\"container\">\n\t\t\t\t\t<div class=\"e-con-inner\">\n\t\t<div class=\"elementor-element elementor-element-31ceccf e-flex e-con-boxed e-con e-parent\" data-id=\"31ceccf\" data-element_type=\"container\" data-e-type=\"container\">\n\t\t\t\t\t<div class=\"e-con-inner\">\n\t\t\t\t<div class=\"elementor-element elementor-element-572d54d elementor-widget elementor-widget-image\" data-id=\"572d54d\" data-element_type=\"widget\" data-e-type=\"widget\" data-widget_type=\"image.default\">\n\t\t\t\t<div class=\"elementor-widget-container\">\n\t\t\t\t\t\t\t\t\t\t\t\t\t\t\t<img decoding=\"async\" width=\"503\" height=\"502\" src=\"https:\/\/www.idhea.fr\/wp-content\/uploads\/2023\/01\/LCAE.png\" class=\"attachment-full size-full wp-image-10401\" alt=\"Logo La case aux \u00e9pices avec poivre en fond\" srcset=\"https:\/\/www.idhea.fr\/wp-content\/uploads\/2023\/01\/LCAE.png 503w, https:\/\/www.idhea.fr\/wp-content\/uploads\/2023\/01\/LCAE-300x300.png 300w, https:\/\/www.idhea.fr\/wp-content\/uploads\/2023\/01\/LCAE-150x150.png 150w\" sizes=\"(max-width: 503px) 100vw, 503px\" \/>\t\t\t\t\t\t\t\t\t\t\t\t\t\t\t<\/div>\n\t\t\t\t<\/div>\n\t\t\t\t\t<\/div>\n\t\t\t\t<\/div>\n\t\t<div class=\"elementor-element elementor-element-04ebd4c e-flex e-con-boxed e-con e-parent\" data-id=\"04ebd4c\" data-element_type=\"container\" data-e-type=\"container\">\n\t\t\t\t\t<div class=\"e-con-inner\">\n\t\t\t\t<div class=\"elementor-element elementor-element-30512ec elementor-widget elementor-widget-button\" data-id=\"30512ec\" data-element_type=\"widget\" data-e-type=\"widget\" data-widget_type=\"button.default\">\n\t\t\t\t<div class=\"elementor-widget-container\">\n\t\t\t\t\t\t\t\t\t<div class=\"elementor-button-wrapper\">\n\t\t\t\t\t<a class=\"elementor-button elementor-button-link elementor-size-sm\" href=\"https:\/\/www.idhea.fr\/en\/la-case-aux-epices\/\" target=\"_blank\">\n\t\t\t\t\t\t<span class=\"elementor-button-content-wrapper\">\n\t\t\t\t\t\t<span class=\"elementor-button-icon\">\n\t\t\t\t<i aria-hidden=\"true\" class=\"fas fa-external-link-alt\"><\/i>\t\t\t<\/span>\n\t\t\t\t\t\t\t\t\t<span class=\"elementor-button-text\">Go to page<\/span>\n\t\t\t\t\t<\/span>\n\t\t\t\t\t<\/a>\n\t\t\t\t<\/div>\n\t\t\t\t\t\t\t\t<\/div>\n\t\t\t\t<\/div>\n\t\t\t\t\t<\/div>\n\t\t\t\t<\/div>\n\t\t\t\t\t<\/div>\n\t\t\t\t<\/div>\n\t\t\t\t\t<\/div>\n\t\t\t\t<\/div>\n\t\t<div class=\"elementor-element elementor-element-4726a39 e-flex e-con-boxed e-con e-parent\" data-id=\"4726a39\" data-element_type=\"container\" data-e-type=\"container\">\n\t\t\t\t\t<div class=\"e-con-inner\">\n\t\t\t\t<div class=\"elementor-element elementor-element-2997b5e elementor-widget elementor-widget-menu-anchor\" data-id=\"2997b5e\" data-element_type=\"widget\" data-e-type=\"widget\" data-widget_type=\"menu-anchor.default\">\n\t\t\t\t<div class=\"elementor-widget-container\">\n\t\t\t\t\t\t\t<div class=\"elementor-menu-anchor\" id=\"ancre_frifrench\"><\/div>\n\t\t\t\t\t\t<\/div>\n\t\t\t\t<\/div>\n\t\t\t\t<div class=\"elementor-element elementor-element-2a8ac9d elementor-widget elementor-widget-heading\" data-id=\"2a8ac9d\" data-element_type=\"widget\" data-e-type=\"widget\" data-widget_type=\"heading.default\">\n\t\t\t\t<div class=\"elementor-widget-container\">\n\t\t\t\t\t<h2 class=\"elementor-heading-title elementor-size-default\">frifrench <br><br>salad dressing brand in Swiss supermarkets<\/h2>\t\t\t\t<\/div>\n\t\t\t\t<\/div>\n\t\t<div class=\"elementor-element elementor-element-f3f63d3 e-flex e-con-boxed e-con e-parent\" data-id=\"f3f63d3\" data-element_type=\"container\" data-e-type=\"container\">\n\t\t\t\t\t<div class=\"e-con-inner\">\n\t\t<div class=\"elementor-element elementor-element-555b6b1 e-con-full e-flex e-con e-parent\" data-id=\"555b6b1\" data-element_type=\"container\" data-e-type=\"container\" data-settings=\"{&quot;background_background&quot;:&quot;classic&quot;}\">\n\t\t\t\t<\/div>\n\t\t<div class=\"elementor-element elementor-element-2960e31 e-con-full e-flex e-con e-parent\" data-id=\"2960e31\" data-element_type=\"container\" data-e-type=\"container\" data-settings=\"{&quot;background_background&quot;:&quot;classic&quot;}\">\n\t\t\t\t<\/div>\n\t\t<div class=\"elementor-element elementor-element-c8e3fb6 e-con-full e-flex e-con e-parent\" data-id=\"c8e3fb6\" data-element_type=\"container\" data-e-type=\"container\" data-settings=\"{&quot;background_background&quot;:&quot;classic&quot;}\">\n\t\t\t\t<\/div>\n\t\t\t\t\t<\/div>\n\t\t\t\t<\/div>\n\t\t\t\t<div class=\"elementor-element elementor-element-219f5d8 elementor-widget__width-initial elementor-widget elementor-widget-text-editor\" data-id=\"219f5d8\" data-element_type=\"widget\" data-e-type=\"widget\" data-widget_type=\"text-editor.default\">\n\t\t\t\t<div class=\"elementor-widget-container\">\n\t\t\t\t\t\t\t\t\t<p>Frifrench is the most recent addition to the Idh\u00e9a family! This 30-year-old brand is firmly established in Swiss retail with its flagship product \u201cDie franz\u00f6sische Salatsauce\u201d! An original Swiss recipe and delicious taste enjoyed by generation after generation!<\/p>\t\t\t\t\t\t\t\t<\/div>\n\t\t\t\t<\/div>\n\t\t<div class=\"elementor-element elementor-element-d041567 e-flex e-con-boxed e-con e-parent\" data-id=\"d041567\" data-element_type=\"container\" data-e-type=\"container\">\n\t\t\t\t\t<div class=\"e-con-inner\">\n\t\t<div class=\"elementor-element elementor-element-ec5bbf8 e-flex e-con-boxed e-con e-parent\" data-id=\"ec5bbf8\" data-element_type=\"container\" data-e-type=\"container\">\n\t\t\t\t\t<div class=\"e-con-inner\">\n\t\t\t\t<div class=\"elementor-element elementor-element-2f24e0a elementor-widget elementor-widget-button\" data-id=\"2f24e0a\" data-element_type=\"widget\" data-e-type=\"widget\" data-widget_type=\"button.default\">\n\t\t\t\t<div class=\"elementor-widget-container\">\n\t\t\t\t\t\t\t\t\t<div class=\"elementor-button-wrapper\">\n\t\t\t\t\t<a class=\"elementor-button elementor-button-link elementor-size-sm\" href=\"https:\/\/frifrench.com\/\" target=\"_blank\">\n\t\t\t\t\t\t<span class=\"elementor-button-content-wrapper\">\n\t\t\t\t\t\t<span class=\"elementor-button-icon\">\n\t\t\t\t<i aria-hidden=\"true\" class=\"fas fa-external-link-alt\"><\/i>\t\t\t<\/span>\n\t\t\t\t\t\t\t\t\t<span class=\"elementor-button-text\">Visit the website<\/span>\n\t\t\t\t\t<\/span>\n\t\t\t\t\t<\/a>\n\t\t\t\t<\/div>\n\t\t\t\t\t\t\t\t<\/div>\n\t\t\t\t<\/div>\n\t\t\t\t\t<\/div>\n\t\t\t\t<\/div>\n\t\t<div class=\"elementor-element elementor-element-bb29a29 e-flex e-con-boxed e-con e-parent\" data-id=\"bb29a29\" data-element_type=\"container\" data-e-type=\"container\">\n\t\t\t\t\t<div class=\"e-con-inner\">\n\t\t\t\t<div class=\"elementor-element elementor-element-93dabff elementor-widget elementor-widget-image\" data-id=\"93dabff\" data-element_type=\"widget\" data-e-type=\"widget\" data-widget_type=\"image.default\">\n\t\t\t\t<div class=\"elementor-widget-container\">\n\t\t\t\t\t\t\t\t\t\t\t\t\t\t\t<img loading=\"lazy\" decoding=\"async\" width=\"1300\" height=\"356\" src=\"https:\/\/www.idhea.fr\/wp-content\/uploads\/2023\/01\/IDHE\u00a6uA_FRI_LOGO_MIT_MASK.png\" class=\"attachment-full size-full wp-image-10457\" alt=\"Logo de la marque frifrench\" srcset=\"https:\/\/www.idhea.fr\/wp-content\/uploads\/2023\/01\/IDHE\u00a6uA_FRI_LOGO_MIT_MASK.png 1300w, https:\/\/www.idhea.fr\/wp-content\/uploads\/2023\/01\/IDHE\u00a6uA_FRI_LOGO_MIT_MASK-300x82.png 300w, https:\/\/www.idhea.fr\/wp-content\/uploads\/2023\/01\/IDHE\u00a6uA_FRI_LOGO_MIT_MASK-1024x280.png 1024w, https:\/\/www.idhea.fr\/wp-content\/uploads\/2023\/01\/IDHE\u00a6uA_FRI_LOGO_MIT_MASK-768x210.png 768w\" sizes=\"(max-width: 1300px) 100vw, 1300px\" \/>\t\t\t\t\t\t\t\t\t\t\t\t\t\t\t<\/div>\n\t\t\t\t<\/div>\n\t\t\t\t\t<\/div>\n\t\t\t\t<\/div>\n\t\t\t\t\t<\/div>\n\t\t\t\t<\/div>\n\t\t\t\t\t<\/div>\n\t\t\t\t<\/div>\n\t\t\t\t<\/div>\n\t\t","protected":false},"excerpt":{"rendered":"<p>Idh\u00e9a represents 4 major brands, not to mention the employer brand and the private labels of ourrestaurant and retail customers! Saveurs &amp; Sauces, our 100% foodservice sauces brand Saveurs &amp; Sauces\u2019 expertise in making sauces goes right back to 1984! With over 60 individual products, the brand is present in institutional and corporate catering and [&hellip;]<\/p>\n","protected":false},"author":2,"featured_media":0,"parent":0,"menu_order":0,"comment_status":"closed","ping_status":"closed","template":"elementor_header_footer","meta":{"_acf_changed":false,"footnotes":""},"folder":[20],"class_list":["post-10922","page","type-page","status-publish","hentry"],"acf":[],"_links":{"self":[{"href":"https:\/\/www.idhea.fr\/en\/wp-json\/wp\/v2\/pages\/10922","targetHints":{"allow":["GET"]}}],"collection":[{"href":"https:\/\/www.idhea.fr\/en\/wp-json\/wp\/v2\/pages"}],"about":[{"href":"https:\/\/www.idhea.fr\/en\/wp-json\/wp\/v2\/types\/page"}],"author":[{"embeddable":true,"href":"https:\/\/www.idhea.fr\/en\/wp-json\/wp\/v2\/users\/2"}],"replies":[{"embeddable":true,"href":"https:\/\/www.idhea.fr\/en\/wp-json\/wp\/v2\/comments?post=10922"}],"version-history":[{"count":2,"href":"https:\/\/www.idhea.fr\/en\/wp-json\/wp\/v2\/pages\/10922\/revisions"}],"predecessor-version":[{"id":12842,"href":"https:\/\/www.idhea.fr\/en\/wp-json\/wp\/v2\/pages\/10922\/revisions\/12842"}],"wp:attachment":[{"href":"https:\/\/www.idhea.fr\/en\/wp-json\/wp\/v2\/media?parent=10922"}],"wp:term":[{"taxonomy":"folder","embeddable":true,"href":"https:\/\/www.idhea.fr\/en\/wp-json\/wp\/v2\/folder?post=10922"}],"curies":[{"name":"wp","href":"https:\/\/api.w.org\/{rel}","templated":true}]}}