{"id":10914,"date":"2023-01-04T18:28:22","date_gmt":"2023-01-04T17:28:22","guid":{"rendered":"https:\/\/www.idhea.fr\/who-we-are\/"},"modified":"2026-02-06T10:51:34","modified_gmt":"2026-02-06T09:51:34","slug":"who-we-are","status":"publish","type":"page","link":"https:\/\/www.idhea.fr\/en\/who-we-are\/","title":{"rendered":"Who we are"},"content":{"rendered":"\t\t<div data-elementor-type=\"wp-page\" data-elementor-id=\"10914\" class=\"elementor elementor-10914 elementor-7499\" data-elementor-post-type=\"page\">\n\t\t\t\t<div class=\"elementor-element elementor-element-60c6680a e-flex e-con-boxed e-con e-parent\" data-id=\"60c6680a\" data-element_type=\"container\" data-e-type=\"container\" data-settings=\"{&quot;background_background&quot;:&quot;classic&quot;}\">\n\t\t\t\t\t<div class=\"e-con-inner\">\n\t\t\t\t\t<\/div>\n\t\t\t\t<\/div>\n\t\t<div class=\"elementor-element elementor-element-c48176e e-con-full e-flex e-con e-parent\" data-id=\"c48176e\" data-element_type=\"container\" data-e-type=\"container\">\n\t\t\t\t<div class=\"elementor-element elementor-element-148324c elementor-hidden-tablet elementor-hidden-mobile elementor-nav-menu__text-align-aside elementor-nav-menu--toggle elementor-nav-menu--burger elementor-widget elementor-widget-global elementor-global-10614 elementor-widget-nav-menu\" data-id=\"148324c\" data-element_type=\"widget\" data-e-type=\"widget\" data-settings=\"{&quot;layout&quot;:&quot;dropdown&quot;,&quot;sticky&quot;:&quot;top&quot;,&quot;sticky_on&quot;:[&quot;desktop&quot;],&quot;sticky_offset&quot;:430,&quot;submenu_icon&quot;:{&quot;value&quot;:&quot;fas fa-caret-down&quot;,&quot;library&quot;:&quot;fa-solid&quot;},&quot;toggle&quot;:&quot;burger&quot;,&quot;sticky_effects_offset&quot;:0,&quot;sticky_anchor_link_offset&quot;:0}\" data-widget_type=\"nav-menu.default\">\n\t\t\t\t<div class=\"elementor-widget-container\">\n\t\t\t\t\t\t\t<div class=\"elementor-menu-toggle\" role=\"button\" tabindex=\"0\" aria-label=\"Menu Toggle\" aria-expanded=\"false\">\n\t\t\t<i aria-hidden=\"true\" role=\"presentation\" class=\"elementor-menu-toggle__icon--open eicon-menu-bar\"><\/i><i aria-hidden=\"true\" role=\"presentation\" class=\"elementor-menu-toggle__icon--close eicon-close\"><\/i>\t\t<\/div>\n\t\t\t\t\t<nav class=\"elementor-nav-menu--dropdown elementor-nav-menu__container\" aria-hidden=\"true\">\n\t\t\t\t<ul id=\"menu-2-148324c\" class=\"elementor-nav-menu\"><li class=\"menu-item menu-item-type-post_type menu-item-object-page menu-item-11200\"><a href=\"https:\/\/www.idhea.fr\/en\/who-we-are\/\" class=\"elementor-item\" tabindex=\"-1\">Who we are<\/a><\/li>\n<li class=\"menu-item menu-item-type-post_type menu-item-object-page menu-item-11201\"><a href=\"https:\/\/www.idhea.fr\/en\/history\/\" class=\"elementor-item\" tabindex=\"-1\">History<\/a><\/li>\n<li class=\"menu-item menu-item-type-post_type menu-item-object-page menu-item-11202\"><a href=\"https:\/\/www.idhea.fr\/en\/our-sauces\/\" class=\"elementor-item\" tabindex=\"-1\">Our sauces<\/a><\/li>\n<li class=\"menu-item menu-item-type-post_type menu-item-object-page menu-item-11203\"><a href=\"https:\/\/www.idhea.fr\/en\/brands\/\" class=\"elementor-item\" tabindex=\"-1\">Brands<\/a><\/li>\n<li class=\"menu-item menu-item-type-post_type menu-item-object-page menu-item-11204\"><a href=\"https:\/\/www.idhea.fr\/en\/our-packaging\/\" class=\"elementor-item\" tabindex=\"-1\">Our packaging<\/a><\/li>\n<li class=\"menu-item menu-item-type-post_type menu-item-object-page menu-item-11205\"><a href=\"https:\/\/www.idhea.fr\/en\/expertise\/\" class=\"elementor-item\" tabindex=\"-1\">Expertise<\/a><\/li>\n<\/ul>\t\t\t<\/nav>\n\t\t\t\t\t\t<\/div>\n\t\t\t\t<\/div>\n\t\t\t\t<\/div>\n\t\t<div class=\"elementor-element elementor-element-b6b037c e-flex e-con-boxed e-con e-parent\" data-id=\"b6b037c\" data-element_type=\"container\" data-e-type=\"container\">\n\t\t\t\t\t<div class=\"e-con-inner\">\n\t\t\t\t<div class=\"elementor-element elementor-element-2776292 elementor-widget__width-initial elementor-widget elementor-widget-text-editor\" data-id=\"2776292\" data-element_type=\"widget\" data-e-type=\"widget\" data-widget_type=\"text-editor.default\">\n\t\t\t\t<div class=\"elementor-widget-container\">\n\t\t\t\t\t\t\t\t\t<p>Idh\u00e9a is first and foremost a team of passionate, committed employees dedicated to customer service, product quality and innovation. Our team also takes pride in our decades of expertise and is united around three core <a href=\"https:\/\/www.idhea.fr\/en\/values\/\">values<img decoding=\"async\" class=\"alignnone wp-image-7895\" src=\"https:\/\/www.idhea.fr\/wp-content\/uploads\/2023\/01\/arrow-up-right.svg\" alt=\"\" width=\"8\" height=\"8\"><\/a>: community, responsibility and pioneering spirit.<\/p>\t\t\t\t\t\t\t\t<\/div>\n\t\t\t\t<\/div>\n\t\t\t\t<div class=\"elementor-element elementor-element-e1a0817 elementor-widget elementor-widget-heading\" data-id=\"e1a0817\" data-element_type=\"widget\" data-e-type=\"widget\" data-widget_type=\"heading.default\">\n\t\t\t\t<div class=\"elementor-widget-container\">\n\t\t\t\t\t<h2 class=\"elementor-heading-title elementor-size-default\">Double expertise and versatility<\/h2>\t\t\t\t<\/div>\n\t\t\t\t<\/div>\n\t\t<div class=\"elementor-element elementor-element-2db998a e-flex e-con-boxed e-con e-child\" data-id=\"2db998a\" data-element_type=\"container\" data-e-type=\"container\">\n\t\t\t\t\t<div class=\"e-con-inner\">\n\t\t<div class=\"elementor-element elementor-element-22f0c54 e-con-full e-flex e-con e-child\" data-id=\"22f0c54\" data-element_type=\"container\" data-e-type=\"container\" data-settings=\"{&quot;background_background&quot;:&quot;classic&quot;}\">\n\t\t\t\t<\/div>\n\t\t<div class=\"elementor-element elementor-element-0630659 e-con-full e-flex e-con e-child\" data-id=\"0630659\" data-element_type=\"container\" data-e-type=\"container\" data-settings=\"{&quot;background_background&quot;:&quot;classic&quot;}\">\n\t\t\t\t<\/div>\n\t\t<div class=\"elementor-element elementor-element-12aca41 e-con-full e-flex e-con e-child\" data-id=\"12aca41\" data-element_type=\"container\" data-e-type=\"container\" data-settings=\"{&quot;background_background&quot;:&quot;classic&quot;}\">\n\t\t\t\t<\/div>\n\t\t\t\t\t<\/div>\n\t\t\t\t<\/div>\n\t\t\t\t<div class=\"elementor-element elementor-element-1624de8 elementor-widget__width-initial elementor-widget elementor-widget-text-editor\" data-id=\"1624de8\" data-element_type=\"widget\" data-e-type=\"widget\" data-widget_type=\"text-editor.default\">\n\t\t\t\t<div class=\"elementor-widget-container\">\n\t\t\t\t\t\t\t\t\t<p>Idh\u00e9a produces and markets cold sauces and spices, offering a complete range of branded products to meet the needs of end users. In addition, Idh\u00e9a also provides bespoke solutions for individual customers, developing specific sauces or own-brand products.<\/p><p>Offering great versatility in product sizes, from individual sachets to 1-tonne containers, we are able to meet the needs of 3 types of customers:<\/p>\t\t\t\t\t\t\t\t<\/div>\n\t\t\t\t<\/div>\n\t\t<div class=\"elementor-element elementor-element-819bed8 e-flex e-con-boxed e-con e-child\" data-id=\"819bed8\" data-element_type=\"container\" data-e-type=\"container\">\n\t\t\t\t\t<div class=\"e-con-inner\">\n\t\t<div class=\"elementor-element elementor-element-9217d66 e-con-full e-flex e-con e-child\" data-id=\"9217d66\" data-element_type=\"container\" data-e-type=\"container\">\n\t\t\t\t<div class=\"elementor-element elementor-element-09cb7e3 elementor-widget elementor-widget-image\" data-id=\"09cb7e3\" data-element_type=\"widget\" data-e-type=\"widget\" data-widget_type=\"image.default\">\n\t\t\t\t<div class=\"elementor-widget-container\">\n\t\t\t\t\t\t\t\t\t\t\t\t\t\t\t<img fetchpriority=\"high\" decoding=\"async\" width=\"366\" height=\"349\" src=\"https:\/\/www.idhea.fr\/wp-content\/uploads\/2023\/01\/Groupe-973.png\" class=\"attachment-full size-full wp-image-10354\" alt=\"fourchette et couteau symbolisant la restauration\" srcset=\"https:\/\/www.idhea.fr\/wp-content\/uploads\/2023\/01\/Groupe-973.png 366w, https:\/\/www.idhea.fr\/wp-content\/uploads\/2023\/01\/Groupe-973-300x286.png 300w\" sizes=\"(max-width: 366px) 100vw, 366px\" \/>\t\t\t\t\t\t\t\t\t\t\t\t\t\t\t<\/div>\n\t\t\t\t<\/div>\n\t\t\t\t<div class=\"elementor-element elementor-element-5a22a58 elementor-widget__width-initial elementor-widget elementor-widget-heading\" data-id=\"5a22a58\" data-element_type=\"widget\" data-e-type=\"widget\" data-widget_type=\"heading.default\">\n\t\t\t\t<div class=\"elementor-widget-container\">\n\t\t\t\t\t<h4 class=\"elementor-heading-title elementor-size-default\">Restaurant owners and wholesalers<\/h4>\t\t\t\t<\/div>\n\t\t\t\t<\/div>\n\t\t\t\t<div class=\"elementor-element elementor-element-82373fa elementor-widget elementor-widget-tp-button\" data-id=\"82373fa\" data-element_type=\"widget\" data-e-type=\"widget\" data-widget_type=\"tp-button.default\">\n\t\t\t\t<div class=\"elementor-widget-container\">\n\t\t\t\t\t<div class=\"pt-plus-button-wrapper   text-   \"><div class=\"button_parallax   \" ><div id=\"button69f1763da012d\"  class=\" text- ts-button content_hover_effect content_hover_float  \" ><div class=\"pt_plus_button btn69f1763d9fc81 button-style-2   \"  ><div class=\"animted-content-inner \"><a href=\"https:\/\/www.idhea.fr\/en\/catering\/\" class=\"button-link-wrap \" role=\"button\" data-hover=\"\"  ><span class=\"btn-icon button-before\"><svg xmlns=\"http:\/\/www.w3.org\/2000\/svg\" width=\"45\" height=\"45\" viewBox=\"0 0 45 45\"><path id=\"Trac&#xE9;_6681\" data-name=\"Trac&#xE9; 6681\" d=\"M45,22.5A22.5,22.5,0,1,0,22.5,45,22.5,22.5,0,0,0,45,22.5ZM18.281,14.063h11.25a1.406,1.406,0,0,1,1.406,1.406v11.25a1.406,1.406,0,1,1-2.812,0V18.864L16.464,30.526a1.408,1.408,0,0,1-1.991-1.991l11.664-11.66H18.281a1.406,1.406,0,1,1,0-2.812Z\" fill=\"#ff5200\" fill-rule=\"evenodd\"><\/path><\/svg><\/span><\/a><\/div><\/div><\/div><\/div><\/div>\t\t\t\t<\/div>\n\t\t\t\t<\/div>\n\t\t\t\t<\/div>\n\t\t<div class=\"elementor-element elementor-element-802adeb e-con-full e-flex e-con e-child\" data-id=\"802adeb\" data-element_type=\"container\" data-e-type=\"container\">\n\t\t\t\t<div class=\"elementor-element elementor-element-f6d111e elementor-widget elementor-widget-image\" data-id=\"f6d111e\" data-element_type=\"widget\" data-e-type=\"widget\" data-widget_type=\"image.default\">\n\t\t\t\t<div class=\"elementor-widget-container\">\n\t\t\t\t\t\t\t\t\t\t\t\t\t\t\t<img decoding=\"async\" width=\"357\" height=\"360\" src=\"https:\/\/www.idhea.fr\/wp-content\/uploads\/2023\/01\/Industrie.png\" class=\"attachment-full size-full wp-image-10355\" alt=\"Usine symbolisant l&#039;industrie\" srcset=\"https:\/\/www.idhea.fr\/wp-content\/uploads\/2023\/01\/Industrie.png 357w, https:\/\/www.idhea.fr\/wp-content\/uploads\/2023\/01\/Industrie-298x300.png 298w, https:\/\/www.idhea.fr\/wp-content\/uploads\/2023\/01\/Industrie-150x150.png 150w\" sizes=\"(max-width: 357px) 100vw, 357px\" \/>\t\t\t\t\t\t\t\t\t\t\t\t\t\t\t<\/div>\n\t\t\t\t<\/div>\n\t\t\t\t<div class=\"elementor-element elementor-element-e6fd492 elementor-widget__width-initial elementor-widget elementor-widget-heading\" data-id=\"e6fd492\" data-element_type=\"widget\" data-e-type=\"widget\" data-widget_type=\"heading.default\">\n\t\t\t\t<div class=\"elementor-widget-container\">\n\t\t\t\t\t<h4 class=\"elementor-heading-title elementor-size-default\">Food manufacturers<\/h4>\t\t\t\t<\/div>\n\t\t\t\t<\/div>\n\t\t\t\t<div class=\"elementor-element elementor-element-47d84ca elementor-widget elementor-widget-tp-button\" data-id=\"47d84ca\" data-element_type=\"widget\" data-e-type=\"widget\" data-widget_type=\"tp-button.default\">\n\t\t\t\t<div class=\"elementor-widget-container\">\n\t\t\t\t\t<div class=\"pt-plus-button-wrapper   text-   \"><div class=\"button_parallax   \" ><div id=\"button69f1763da13de\"  class=\" text- ts-button content_hover_effect content_hover_float  \" ><div class=\"pt_plus_button btn69f1763da10a9 button-style-2   \"  ><div class=\"animted-content-inner \"><a href=\"https:\/\/www.idhea.fr\/en\/industry\/\" class=\"button-link-wrap \" role=\"button\" data-hover=\"\"  ><span class=\"btn-icon button-before\"><svg xmlns=\"http:\/\/www.w3.org\/2000\/svg\" width=\"45\" height=\"45\" viewBox=\"0 0 45 45\"><path id=\"Trac&#xE9;_6681\" data-name=\"Trac&#xE9; 6681\" d=\"M45,22.5A22.5,22.5,0,1,0,22.5,45,22.5,22.5,0,0,0,45,22.5ZM18.281,14.063h11.25a1.406,1.406,0,0,1,1.406,1.406v11.25a1.406,1.406,0,1,1-2.812,0V18.864L16.464,30.526a1.408,1.408,0,0,1-1.991-1.991l11.664-11.66H18.281a1.406,1.406,0,1,1,0-2.812Z\" fill=\"#ff5200\" fill-rule=\"evenodd\"><\/path><\/svg><\/span><\/a><\/div><\/div><\/div><\/div><\/div>\t\t\t\t<\/div>\n\t\t\t\t<\/div>\n\t\t\t\t<\/div>\n\t\t<div class=\"elementor-element elementor-element-c29a7ec e-con-full e-flex e-con e-child\" data-id=\"c29a7ec\" data-element_type=\"container\" data-e-type=\"container\">\n\t\t\t\t<div class=\"elementor-element elementor-element-f5b676e elementor-widget elementor-widget-image\" data-id=\"f5b676e\" data-element_type=\"widget\" data-e-type=\"widget\" data-widget_type=\"image.default\">\n\t\t\t\t<div class=\"elementor-widget-container\">\n\t\t\t\t\t\t\t\t\t\t\t\t\t\t\t<img loading=\"lazy\" decoding=\"async\" width=\"365\" height=\"351\" src=\"https:\/\/www.idhea.fr\/wp-content\/uploads\/2023\/01\/GrandeDistribution.png\" class=\"attachment-full size-full wp-image-10356\" alt=\"Chariot symbolisant la grande distribution\" srcset=\"https:\/\/www.idhea.fr\/wp-content\/uploads\/2023\/01\/GrandeDistribution.png 365w, https:\/\/www.idhea.fr\/wp-content\/uploads\/2023\/01\/GrandeDistribution-300x288.png 300w\" sizes=\"(max-width: 365px) 100vw, 365px\" \/>\t\t\t\t\t\t\t\t\t\t\t\t\t\t\t<\/div>\n\t\t\t\t<\/div>\n\t\t\t\t<div class=\"elementor-element elementor-element-c81813f elementor-widget__width-initial elementor-widget elementor-widget-heading\" data-id=\"c81813f\" data-element_type=\"widget\" data-e-type=\"widget\" data-widget_type=\"heading.default\">\n\t\t\t\t<div class=\"elementor-widget-container\">\n\t\t\t\t\t<h4 class=\"elementor-heading-title elementor-size-default\">Supermarket brands<\/h4>\t\t\t\t<\/div>\n\t\t\t\t<\/div>\n\t\t\t\t<div class=\"elementor-element elementor-element-9dd6c14 elementor-widget elementor-widget-tp-button\" data-id=\"9dd6c14\" data-element_type=\"widget\" data-e-type=\"widget\" data-widget_type=\"tp-button.default\">\n\t\t\t\t<div class=\"elementor-widget-container\">\n\t\t\t\t\t<div class=\"pt-plus-button-wrapper   text-   \"><div class=\"button_parallax   \" ><div id=\"button69f1763da2180\"  class=\" text- ts-button content_hover_effect content_hover_float  \" ><div class=\"pt_plus_button btn69f1763da1e5f button-style-2   \"  ><div class=\"animted-content-inner \"><a href=\"https:\/\/www.idhea.fr\/en\/retail\/\" class=\"button-link-wrap \" role=\"button\" data-hover=\"\"  ><span class=\"btn-icon button-before\"><svg xmlns=\"http:\/\/www.w3.org\/2000\/svg\" width=\"45\" height=\"45\" viewBox=\"0 0 45 45\"><path id=\"Trac&#xE9;_6681\" data-name=\"Trac&#xE9; 6681\" d=\"M45,22.5A22.5,22.5,0,1,0,22.5,45,22.5,22.5,0,0,0,45,22.5ZM18.281,14.063h11.25a1.406,1.406,0,0,1,1.406,1.406v11.25a1.406,1.406,0,1,1-2.812,0V18.864L16.464,30.526a1.408,1.408,0,0,1-1.991-1.991l11.664-11.66H18.281a1.406,1.406,0,1,1,0-2.812Z\" fill=\"#ff5200\" fill-rule=\"evenodd\"><\/path><\/svg><\/span><\/a><\/div><\/div><\/div><\/div><\/div>\t\t\t\t<\/div>\n\t\t\t\t<\/div>\n\t\t\t\t<\/div>\n\t\t\t\t\t<\/div>\n\t\t\t\t<\/div>\n\t\t\t\t\t<\/div>\n\t\t\t\t<\/div>\n\t\t<div class=\"elementor-element elementor-element-cb82861 e-flex e-con-boxed e-con e-parent\" data-id=\"cb82861\" data-element_type=\"container\" data-e-type=\"container\" data-settings=\"{&quot;background_background&quot;:&quot;classic&quot;}\">\n\t\t\t\t\t<div class=\"e-con-inner\">\n\t\t\t\t<div class=\"elementor-element elementor-element-cd051ed elementor-widget elementor-widget-heading\" data-id=\"cd051ed\" data-element_type=\"widget\" data-e-type=\"widget\" data-widget_type=\"heading.default\">\n\t\t\t\t<div class=\"elementor-widget-container\">\n\t\t\t\t\t<h2 class=\"elementor-heading-title elementor-size-default\">Key figures<\/h2>\t\t\t\t<\/div>\n\t\t\t\t<\/div>\n\t\t<div class=\"elementor-element elementor-element-dcb39d4 e-flex e-con-boxed e-con e-child\" data-id=\"dcb39d4\" data-element_type=\"container\" data-e-type=\"container\">\n\t\t\t\t\t<div class=\"e-con-inner\">\n\t\t<div class=\"elementor-element elementor-element-e3658a7 e-con-full e-flex e-con e-child\" data-id=\"e3658a7\" data-element_type=\"container\" data-e-type=\"container\" data-settings=\"{&quot;background_background&quot;:&quot;classic&quot;}\">\n\t\t\t\t<\/div>\n\t\t<div class=\"elementor-element elementor-element-22b9ce3 e-con-full e-flex e-con e-child\" data-id=\"22b9ce3\" data-element_type=\"container\" data-e-type=\"container\" data-settings=\"{&quot;background_background&quot;:&quot;classic&quot;}\">\n\t\t\t\t<\/div>\n\t\t<div class=\"elementor-element elementor-element-09d58d9 e-con-full e-flex e-con e-child\" data-id=\"09d58d9\" data-element_type=\"container\" data-e-type=\"container\" data-settings=\"{&quot;background_background&quot;:&quot;classic&quot;}\">\n\t\t\t\t<\/div>\n\t\t\t\t\t<\/div>\n\t\t\t\t<\/div>\n\t\t\t\t<div class=\"elementor-element elementor-element-b13b2d1 elementor-widget elementor-widget-image\" data-id=\"b13b2d1\" data-element_type=\"widget\" data-e-type=\"widget\" data-widget_type=\"image.default\">\n\t\t\t\t<div class=\"elementor-widget-container\">\n\t\t\t\t\t\t\t\t\t\t\t\t\t\t\t<img loading=\"lazy\" decoding=\"async\" width=\"1496\" height=\"911\" src=\"https:\/\/www.idhea.fr\/wp-content\/uploads\/2023\/01\/chiffres_Idhea.png\" class=\"attachment-full size-full wp-image-10444\" alt=\"Diff\u00e9rents chiffres d\u00e9crivant Idh\u00e9a\" srcset=\"https:\/\/www.idhea.fr\/wp-content\/uploads\/2023\/01\/chiffres_Idhea.png 1496w, https:\/\/www.idhea.fr\/wp-content\/uploads\/2023\/01\/chiffres_Idhea-300x183.png 300w, https:\/\/www.idhea.fr\/wp-content\/uploads\/2023\/01\/chiffres_Idhea-1024x624.png 1024w, https:\/\/www.idhea.fr\/wp-content\/uploads\/2023\/01\/chiffres_Idhea-768x468.png 768w\" sizes=\"(max-width: 1496px) 100vw, 1496px\" \/>\t\t\t\t\t\t\t\t\t\t\t\t\t\t\t<\/div>\n\t\t\t\t<\/div>\n\t\t<div class=\"elementor-element elementor-element-559badf e-flex e-con-boxed e-con e-child\" data-id=\"559badf\" data-element_type=\"container\" data-e-type=\"container\">\n\t\t\t\t\t<div class=\"e-con-inner\">\n\t\t<div class=\"elementor-element elementor-element-ff7092c e-flex e-con-boxed e-con e-child\" data-id=\"ff7092c\" data-element_type=\"container\" data-e-type=\"container\">\n\t\t\t\t\t<div class=\"e-con-inner\">\n\t\t\t\t<div class=\"elementor-element elementor-element-c46b18f elementor-widget__width-inherit elementor-widget elementor-widget-heading\" data-id=\"c46b18f\" data-element_type=\"widget\" data-e-type=\"widget\" data-widget_type=\"heading.default\">\n\t\t\t\t<div class=\"elementor-widget-container\">\n\t\t\t\t\t<h2 class=\"elementor-heading-title elementor-size-default\">A strong regional base<\/h2>\t\t\t\t<\/div>\n\t\t\t\t<\/div>\n\t\t<div class=\"elementor-element elementor-element-90cdc98 e-flex e-con-boxed e-con e-child\" data-id=\"90cdc98\" data-element_type=\"container\" data-e-type=\"container\">\n\t\t\t\t\t<div class=\"e-con-inner\">\n\t\t<div class=\"elementor-element elementor-element-d5029b2 e-con-full e-flex e-con e-child\" data-id=\"d5029b2\" data-element_type=\"container\" data-e-type=\"container\" data-settings=\"{&quot;background_background&quot;:&quot;classic&quot;}\">\n\t\t\t\t<\/div>\n\t\t<div class=\"elementor-element elementor-element-551ba02 e-con-full e-flex e-con e-child\" data-id=\"551ba02\" data-element_type=\"container\" data-e-type=\"container\" data-settings=\"{&quot;background_background&quot;:&quot;classic&quot;}\">\n\t\t\t\t<\/div>\n\t\t<div class=\"elementor-element elementor-element-205c8b4 e-con-full e-flex e-con e-child\" data-id=\"205c8b4\" data-element_type=\"container\" data-e-type=\"container\" data-settings=\"{&quot;background_background&quot;:&quot;classic&quot;}\">\n\t\t\t\t<\/div>\n\t\t\t\t\t<\/div>\n\t\t\t\t<\/div>\n\t\t\t\t<div class=\"elementor-element elementor-element-f7fca6d elementor-widget elementor-widget-text-editor\" data-id=\"f7fca6d\" data-element_type=\"widget\" data-e-type=\"widget\" data-widget_type=\"text-editor.default\">\n\t\t\t\t<div class=\"elementor-widget-container\">\n\t\t\t\t\t\t\t\t\t<p>Idh\u00e9a is located in the village of Hochfelden in Alsace, about 20 miles north of Strasbourg. Our history is closely tied to this region. Idh\u00e9a is and always will be an Alsatian SME proud of its local roots.<\/p>\t\t\t\t\t\t\t\t<\/div>\n\t\t\t\t<\/div>\n\t\t\t\t\t<\/div>\n\t\t\t\t<\/div>\n\t\t<div class=\"elementor-element elementor-element-205ac83 e-con-full e-flex e-con e-child\" data-id=\"205ac83\" data-element_type=\"container\" data-e-type=\"container\">\n\t\t\t\t<div class=\"elementor-element elementor-element-0ad3fc2 elementor-widget elementor-widget-image\" data-id=\"0ad3fc2\" data-element_type=\"widget\" data-e-type=\"widget\" data-widget_type=\"image.default\">\n\t\t\t\t<div class=\"elementor-widget-container\">\n\t\t\t\t\t\t\t\t\t\t\t\t\t\t\t<img loading=\"lazy\" decoding=\"async\" width=\"816\" height=\"760\" src=\"https:\/\/www.idhea.fr\/wp-content\/uploads\/2023\/01\/carte_france-Idhea.png\" class=\"attachment-full size-full wp-image-10448\" alt=\"carte de la france\" srcset=\"https:\/\/www.idhea.fr\/wp-content\/uploads\/2023\/01\/carte_france-Idhea.png 816w, https:\/\/www.idhea.fr\/wp-content\/uploads\/2023\/01\/carte_france-Idhea-300x279.png 300w, https:\/\/www.idhea.fr\/wp-content\/uploads\/2023\/01\/carte_france-Idhea-768x715.png 768w\" sizes=\"(max-width: 816px) 100vw, 816px\" \/>\t\t\t\t\t\t\t\t\t\t\t\t\t\t\t<\/div>\n\t\t\t\t<\/div>\n\t\t\t\t<\/div>\n\t\t\t\t\t<\/div>\n\t\t\t\t<\/div>\n\t\t\t\t\t<\/div>\n\t\t\t\t<\/div>\n\t\t<div class=\"elementor-element elementor-element-28c0fc5 e-flex e-con-boxed e-con e-parent\" data-id=\"28c0fc5\" data-element_type=\"container\" data-e-type=\"container\">\n\t\t\t\t\t<div class=\"e-con-inner\">\n\t\t\t\t<div class=\"elementor-element elementor-element-99ed1fd elementor-align-center elementor-widget elementor-widget-button\" data-id=\"99ed1fd\" data-element_type=\"widget\" data-e-type=\"widget\" data-widget_type=\"button.default\">\n\t\t\t\t<div class=\"elementor-widget-container\">\n\t\t\t\t\t\t\t\t\t<div class=\"elementor-button-wrapper\">\n\t\t\t\t\t<a class=\"elementor-button elementor-button-link elementor-size-sm\" href=\"https:\/\/www.idhea.fr\/wp-content\/uploads\/2024\/12\/Presentation-Idhea-4.pdf\">\n\t\t\t\t\t\t<span class=\"elementor-button-content-wrapper\">\n\t\t\t\t\t\t<span class=\"elementor-button-icon\">\n\t\t\t\t<i aria-hidden=\"true\" class=\"fas fa-file-pdf\"><\/i>\t\t\t<\/span>\n\t\t\t\t\t\t\t\t\t<span class=\"elementor-button-text\">Download the Idh\u00e9a brochure<\/span>\n\t\t\t\t\t<\/span>\n\t\t\t\t\t<\/a>\n\t\t\t\t<\/div>\n\t\t\t\t\t\t\t\t<\/div>\n\t\t\t\t<\/div>\n\t\t\t\t\t<\/div>\n\t\t\t\t<\/div>\n\t\t\t\t<\/div>\n\t\t","protected":false},"excerpt":{"rendered":"<p>Idh\u00e9a is first and foremost a team of passionate, committed employees dedicated to customer service, product quality and innovation. Our team also takes pride in our decades of expertise and is united around three core values: community, responsibility and pioneering spirit. Double expertise and versatility Idh\u00e9a produces and markets cold sauces and spices, offering a [&hellip;]<\/p>\n","protected":false},"author":2,"featured_media":0,"parent":0,"menu_order":0,"comment_status":"closed","ping_status":"closed","template":"elementor_header_footer","meta":{"_acf_changed":false,"footnotes":""},"folder":[20],"class_list":["post-10914","page","type-page","status-publish","hentry"],"acf":[],"_links":{"self":[{"href":"https:\/\/www.idhea.fr\/en\/wp-json\/wp\/v2\/pages\/10914","targetHints":{"allow":["GET"]}}],"collection":[{"href":"https:\/\/www.idhea.fr\/en\/wp-json\/wp\/v2\/pages"}],"about":[{"href":"https:\/\/www.idhea.fr\/en\/wp-json\/wp\/v2\/types\/page"}],"author":[{"embeddable":true,"href":"https:\/\/www.idhea.fr\/en\/wp-json\/wp\/v2\/users\/2"}],"replies":[{"embeddable":true,"href":"https:\/\/www.idhea.fr\/en\/wp-json\/wp\/v2\/comments?post=10914"}],"version-history":[{"count":3,"href":"https:\/\/www.idhea.fr\/en\/wp-json\/wp\/v2\/pages\/10914\/revisions"}],"predecessor-version":[{"id":12850,"href":"https:\/\/www.idhea.fr\/en\/wp-json\/wp\/v2\/pages\/10914\/revisions\/12850"}],"wp:attachment":[{"href":"https:\/\/www.idhea.fr\/en\/wp-json\/wp\/v2\/media?parent=10914"}],"wp:term":[{"taxonomy":"folder","embeddable":true,"href":"https:\/\/www.idhea.fr\/en\/wp-json\/wp\/v2\/folder?post=10914"}],"curies":[{"name":"wp","href":"https:\/\/api.w.org\/{rel}","templated":true}]}}